{"id":680,"date":"2023-07-30T00:24:20","date_gmt":"2023-07-30T00:24:20","guid":{"rendered":"https:\/\/magiacompra.com\/?post_type=product&#038;p=680"},"modified":"2025-08-20T18:52:06","modified_gmt":"2025-08-20T18:52:06","slug":"bicycle-naranja-bicycle-orange-back-uspcc","status":"publish","type":"product","link":"https:\/\/magiacompra.com\/index.php\/producto\/bicycle-naranja-bicycle-orange-back-uspcc\/","title":{"rendered":"Bicycle naranja (Bicycle orange Back USPCC)"},"content":{"rendered":"<p>M\u00faltiples rutinas e ideas con estas cartas de calidad excepcional.<\/p>\n","protected":false},"excerpt":{"rendered":"<p>Baraja Standard Bicycle con dorso en color naranja. \u2022 Incluso el estuche es naranja. \u2022 La calidad de las cartas es la misma que la Bicycle Rider Back. \u2022 El mazo es de tama\u00f1o de p\u00f3ker y se enriquece con la adici\u00f3n de tres cartas especiales: la primera tiene una cara en blanco, la segunda es un as de corazones con el coraz\u00f3n central faltante, y la tercera es un 14 de diamantes.<\/p>\n<p>&nbsp;<\/p>\n","protected":false},"featured_media":159,"template":"","meta":{"_et_pb_use_builder":"off","_et_pb_old_content":"Ahora podemos contar con la perfecci\u00f3n del fabricante de las cartas Bicycle.","_et_gb_content_width":""},"product_brand":[],"product_cat":[21],"product_tag":[],"class_list":{"0":"post-680","1":"product","2":"type-product","3":"status-publish","4":"has-post-thumbnail","6":"product_cat-barajas","8":"first","9":"instock","10":"shipping-taxable","11":"purchasable","12":"product-type-simple"},"jetpack_sharing_enabled":true,"_links":{"self":[{"href":"https:\/\/magiacompra.com\/index.php\/wp-json\/wp\/v2\/product\/680","targetHints":{"allow":["GET"]}}],"collection":[{"href":"https:\/\/magiacompra.com\/index.php\/wp-json\/wp\/v2\/product"}],"about":[{"href":"https:\/\/magiacompra.com\/index.php\/wp-json\/wp\/v2\/types\/product"}],"wp:featuredmedia":[{"embeddable":true,"href":"https:\/\/magiacompra.com\/index.php\/wp-json\/wp\/v2\/media\/159"}],"wp:attachment":[{"href":"https:\/\/magiacompra.com\/index.php\/wp-json\/wp\/v2\/media?parent=680"}],"wp:term":[{"taxonomy":"product_brand","embeddable":true,"href":"https:\/\/magiacompra.com\/index.php\/wp-json\/wp\/v2\/product_brand?post=680"},{"taxonomy":"product_cat","embeddable":true,"href":"https:\/\/magiacompra.com\/index.php\/wp-json\/wp\/v2\/product_cat?post=680"},{"taxonomy":"product_tag","embeddable":true,"href":"https:\/\/magiacompra.com\/index.php\/wp-json\/wp\/v2\/product_tag?post=680"}],"curies":[{"name":"wp","href":"https:\/\/api.w.org\/{rel}","templated":true}]}}