{"id":677,"date":"2023-07-30T00:12:29","date_gmt":"2023-07-30T00:12:29","guid":{"rendered":"https:\/\/magiacompra.com\/?post_type=product&#038;p=677"},"modified":"2025-08-20T18:52:37","modified_gmt":"2025-08-20T18:52:37","slug":"baraja-desaparicion","status":"publish","type":"product","link":"https:\/\/magiacompra.com\/index.php\/producto\/baraja-desaparicion\/","title":{"rendered":"Caja desaparici\u00f3n"},"content":{"rendered":"<p>Un juego muy visual. La desaparici\u00f3n de la baraja es autom\u00e1tica e instant\u00e1nea.<\/p>\n","protected":false},"excerpt":{"rendered":"<p>\u00a1Una baraja desaparece sin dejar rastro! Muestra una baraja de cartas tama\u00f1o poker y m\u00e9tela en un estuche negro. Haz un pase m\u00e1gico y\u2026 la baraja desaparecer\u00e1 y t\u00fa podr\u00e1s mostrar el estuche vac\u00edo<\/p>\n<p>https:\/\/youtu.be\/plwaUOik8pQ<\/p>\n<p>&nbsp;<\/p>\n","protected":false},"featured_media":160,"template":"","meta":{"_et_pb_use_builder":"off","_et_pb_old_content":"Ahora podemos contar con la perfecci\u00f3n del fabricante de las cartas Bicycle.","_et_gb_content_width":""},"product_brand":[],"product_cat":[20],"product_tag":[],"class_list":{"0":"post-677","1":"product","2":"type-product","3":"status-publish","4":"has-post-thumbnail","6":"product_cat-magia-de-cerca","8":"first","9":"instock","10":"shipping-taxable","11":"purchasable","12":"product-type-simple"},"jetpack_sharing_enabled":true,"_links":{"self":[{"href":"https:\/\/magiacompra.com\/index.php\/wp-json\/wp\/v2\/product\/677","targetHints":{"allow":["GET"]}}],"collection":[{"href":"https:\/\/magiacompra.com\/index.php\/wp-json\/wp\/v2\/product"}],"about":[{"href":"https:\/\/magiacompra.com\/index.php\/wp-json\/wp\/v2\/types\/product"}],"wp:featuredmedia":[{"embeddable":true,"href":"https:\/\/magiacompra.com\/index.php\/wp-json\/wp\/v2\/media\/160"}],"wp:attachment":[{"href":"https:\/\/magiacompra.com\/index.php\/wp-json\/wp\/v2\/media?parent=677"}],"wp:term":[{"taxonomy":"product_brand","embeddable":true,"href":"https:\/\/magiacompra.com\/index.php\/wp-json\/wp\/v2\/product_brand?post=677"},{"taxonomy":"product_cat","embeddable":true,"href":"https:\/\/magiacompra.com\/index.php\/wp-json\/wp\/v2\/product_cat?post=677"},{"taxonomy":"product_tag","embeddable":true,"href":"https:\/\/magiacompra.com\/index.php\/wp-json\/wp\/v2\/product_tag?post=677"}],"curies":[{"name":"wp","href":"https:\/\/api.w.org\/{rel}","templated":true}]}}