{"id":674,"date":"2023-07-29T23:54:52","date_gmt":"2023-07-29T23:54:52","guid":{"rendered":"https:\/\/magiacompra.com\/?post_type=product&#038;p=674"},"modified":"2025-08-20T18:53:08","modified_gmt":"2025-08-20T18:53:08","slug":"guillotina-dedo","status":"publish","type":"product","link":"https:\/\/magiacompra.com\/index.php\/producto\/guillotina-dedo\/","title":{"rendered":"Guillotina dedo"},"content":{"rendered":"<p>Este modelo de Guillotina para Dedo tiene un mecanismo de bloqueo \u00fanico y es examinable, incluso por magos que conozcan el accesorio normal.<\/p>\n<p>&nbsp;<\/p>\n","protected":false},"excerpt":{"rendered":"<p>Muestra c\u00f3mo la guillotina corta perfectamente cualquier cosa que metas en sus dos agujeros: una peque\u00f1a zanahoria o salchicha ser\u00eda perfecto. Luego pide a un espectador que meta su dedo \u00edndice. Baja la hoja r\u00e1pidamente y, por supuesto, el dedo quedar\u00e1 indemne. Parecer\u00e1 como si la hoja hubiese atravesado el dedo.<\/p>\n<p>https:\/\/youtu.be\/YmiX0Bmp0f4<\/p>\n","protected":false},"featured_media":107,"template":"","meta":{"_et_pb_use_builder":"off","_et_pb_old_content":"Ahora podemos contar con la perfecci\u00f3n del fabricante de las cartas Bicycle.","_et_gb_content_width":""},"product_brand":[],"product_cat":[20],"product_tag":[],"class_list":{"0":"post-674","1":"product","2":"type-product","3":"status-publish","4":"has-post-thumbnail","6":"product_cat-magia-de-cerca","8":"first","9":"instock","10":"shipping-taxable","11":"purchasable","12":"product-type-simple"},"jetpack_sharing_enabled":true,"_links":{"self":[{"href":"https:\/\/magiacompra.com\/index.php\/wp-json\/wp\/v2\/product\/674","targetHints":{"allow":["GET"]}}],"collection":[{"href":"https:\/\/magiacompra.com\/index.php\/wp-json\/wp\/v2\/product"}],"about":[{"href":"https:\/\/magiacompra.com\/index.php\/wp-json\/wp\/v2\/types\/product"}],"wp:featuredmedia":[{"embeddable":true,"href":"https:\/\/magiacompra.com\/index.php\/wp-json\/wp\/v2\/media\/107"}],"wp:attachment":[{"href":"https:\/\/magiacompra.com\/index.php\/wp-json\/wp\/v2\/media?parent=674"}],"wp:term":[{"taxonomy":"product_brand","embeddable":true,"href":"https:\/\/magiacompra.com\/index.php\/wp-json\/wp\/v2\/product_brand?post=674"},{"taxonomy":"product_cat","embeddable":true,"href":"https:\/\/magiacompra.com\/index.php\/wp-json\/wp\/v2\/product_cat?post=674"},{"taxonomy":"product_tag","embeddable":true,"href":"https:\/\/magiacompra.com\/index.php\/wp-json\/wp\/v2\/product_tag?post=674"}],"curies":[{"name":"wp","href":"https:\/\/api.w.org\/{rel}","templated":true}]}}