{"id":633,"date":"2023-07-29T16:49:23","date_gmt":"2023-07-29T16:49:23","guid":{"rendered":"https:\/\/magiacompra.com\/?post_type=product&#038;p=633"},"modified":"2025-08-20T18:54:28","modified_gmt":"2025-08-20T18:54:28","slug":"panuelo-60cm-azul","status":"publish","type":"product","link":"https:\/\/magiacompra.com\/index.php\/producto\/panuelo-60cm-azul\/","title":{"rendered":"Pa\u00f1uelo azul"},"content":{"rendered":"<p>El material no es seda sino tela tipo gasa, muy fina y resistente, con lo cual son pa\u00f1uelos que si los cuidas te duraran toda la vida, ademas a un precio inmejorable!!<\/p>\n","protected":false},"excerpt":{"rendered":"<p>Es un pa\u00f1uelo de 40cm de diagonal, puedes cortarlo por la diagonal y tiene forma de rombo con lo cual tienes dos ventajas\u00a0 a nivel visual, el espectador creer\u00e1 que est\u00e1s utilizando un pa\u00f1uelo de 18 mucho mayor y obtienes dos pa\u00f1uelos al precio de uno para desapariciones con fp.<\/p>\n<p>&nbsp;<\/p>\n","protected":false},"featured_media":1649,"template":"","meta":{"_et_pb_use_builder":"off","_et_pb_old_content":"Ahora podemos contar con la perfecci\u00f3n del fabricante de las cartas Bicycle.","_et_gb_content_width":""},"product_brand":[],"product_cat":[16],"product_tag":[],"class_list":{"0":"post-633","1":"product","2":"type-product","3":"status-publish","4":"has-post-thumbnail","6":"product_cat-accesorios","8":"first","9":"instock","10":"shipping-taxable","11":"purchasable","12":"product-type-simple"},"jetpack_sharing_enabled":true,"_links":{"self":[{"href":"https:\/\/magiacompra.com\/index.php\/wp-json\/wp\/v2\/product\/633","targetHints":{"allow":["GET"]}}],"collection":[{"href":"https:\/\/magiacompra.com\/index.php\/wp-json\/wp\/v2\/product"}],"about":[{"href":"https:\/\/magiacompra.com\/index.php\/wp-json\/wp\/v2\/types\/product"}],"wp:featuredmedia":[{"embeddable":true,"href":"https:\/\/magiacompra.com\/index.php\/wp-json\/wp\/v2\/media\/1649"}],"wp:attachment":[{"href":"https:\/\/magiacompra.com\/index.php\/wp-json\/wp\/v2\/media?parent=633"}],"wp:term":[{"taxonomy":"product_brand","embeddable":true,"href":"https:\/\/magiacompra.com\/index.php\/wp-json\/wp\/v2\/product_brand?post=633"},{"taxonomy":"product_cat","embeddable":true,"href":"https:\/\/magiacompra.com\/index.php\/wp-json\/wp\/v2\/product_cat?post=633"},{"taxonomy":"product_tag","embeddable":true,"href":"https:\/\/magiacompra.com\/index.php\/wp-json\/wp\/v2\/product_tag?post=633"}],"curies":[{"name":"wp","href":"https:\/\/api.w.org\/{rel}","templated":true}]}}