{"id":631,"date":"2023-07-29T16:39:27","date_gmt":"2023-07-29T16:39:27","guid":{"rendered":"https:\/\/magiacompra.com\/?post_type=product&#038;p=631"},"modified":"2025-08-24T15:54:25","modified_gmt":"2025-08-24T15:54:25","slug":"kids-kards-richard-pinner","status":"publish","type":"product","link":"https:\/\/magiacompra.com\/index.php\/producto\/kids-kards-richard-pinner\/","title":{"rendered":"Kids Kards Richard Pinner"},"content":{"rendered":"<p>Como puede ver en las im\u00e1genes, la obra de arte en esta baraja es encantadora: tanto las caras como el dorso se han impreso a medida y est\u00e1n perfectamente en sinton\u00eda con la historia del dise\u00f1o de esta baraja.<\/p>\n","protected":false},"excerpt":{"rendered":"<p>Efecto: Te han regalado una batraja pintada. Entonces, transformas una de las carta en una carta real, luego transformas toda la baraja. Con la nueva baraja demuestras tus habilidades adivinando cartas. Sin embargo, lleno de culpa lo vuelves a transformar. Cada mazo viene completo y listo para trabajar.<\/p>\n<p>https:\/\/youtu.be\/ejxZc9BVpeI<\/p>\n<p>&nbsp;<\/p>\n","protected":false},"featured_media":162,"template":"","meta":{"_et_pb_use_builder":"off","_et_pb_old_content":"Ahora podemos contar con la perfecci\u00f3n del fabricante de las cartas Bicycle.","_et_gb_content_width":""},"product_brand":[],"product_cat":[21],"product_tag":[],"class_list":{"0":"post-631","1":"product","2":"type-product","3":"status-publish","4":"has-post-thumbnail","6":"product_cat-barajas","8":"first","9":"outofstock","10":"shipping-taxable","11":"purchasable","12":"product-type-simple"},"jetpack_sharing_enabled":true,"_links":{"self":[{"href":"https:\/\/magiacompra.com\/index.php\/wp-json\/wp\/v2\/product\/631","targetHints":{"allow":["GET"]}}],"collection":[{"href":"https:\/\/magiacompra.com\/index.php\/wp-json\/wp\/v2\/product"}],"about":[{"href":"https:\/\/magiacompra.com\/index.php\/wp-json\/wp\/v2\/types\/product"}],"wp:featuredmedia":[{"embeddable":true,"href":"https:\/\/magiacompra.com\/index.php\/wp-json\/wp\/v2\/media\/162"}],"wp:attachment":[{"href":"https:\/\/magiacompra.com\/index.php\/wp-json\/wp\/v2\/media?parent=631"}],"wp:term":[{"taxonomy":"product_brand","embeddable":true,"href":"https:\/\/magiacompra.com\/index.php\/wp-json\/wp\/v2\/product_brand?post=631"},{"taxonomy":"product_cat","embeddable":true,"href":"https:\/\/magiacompra.com\/index.php\/wp-json\/wp\/v2\/product_cat?post=631"},{"taxonomy":"product_tag","embeddable":true,"href":"https:\/\/magiacompra.com\/index.php\/wp-json\/wp\/v2\/product_tag?post=631"}],"curies":[{"name":"wp","href":"https:\/\/api.w.org\/{rel}","templated":true}]}}