{"id":623,"date":"2023-07-29T14:47:09","date_gmt":"2023-07-29T14:47:09","guid":{"rendered":"https:\/\/magiacompra.com\/?post_type=product&#038;p=623"},"modified":"2025-08-20T19:05:02","modified_gmt":"2025-08-20T19:05:02","slug":"bicycle-asimetrica-league-back-1-unidad","status":"publish","type":"product","link":"https:\/\/magiacompra.com\/index.php\/producto\/bicycle-asimetrica-league-back-1-unidad\/","title":{"rendered":"Bicycle asim\u00e9trica (League back) 1 unidad"},"content":{"rendered":"<p>Deja en los comentarios del pedido el color deseado sino se enviar\u00e1 al azar.<\/p>\n","protected":false},"excerpt":{"rendered":"<p>Baraja de 54 cartas fabricada por bicycle, marca reputada de calidad intachable. Estas barajas tienen las mismas caras que una baraja bicycle lo que te permitir\u00e1 hacer cambios de dorso como en el incre\u00edble truco de la carta camale\u00f3n, por ejemplo.<\/p>\n","protected":false},"featured_media":166,"template":"","meta":{"_et_pb_use_builder":"off","_et_pb_old_content":"Ahora podemos contar con la perfecci\u00f3n del fabricante de las cartas Bicycle.","_et_gb_content_width":""},"product_brand":[],"product_cat":[21],"product_tag":[],"class_list":{"0":"post-623","1":"product","2":"type-product","3":"status-publish","4":"has-post-thumbnail","6":"product_cat-barajas","8":"first","9":"instock","10":"shipping-taxable","11":"purchasable","12":"product-type-simple"},"jetpack_sharing_enabled":true,"_links":{"self":[{"href":"https:\/\/magiacompra.com\/index.php\/wp-json\/wp\/v2\/product\/623","targetHints":{"allow":["GET"]}}],"collection":[{"href":"https:\/\/magiacompra.com\/index.php\/wp-json\/wp\/v2\/product"}],"about":[{"href":"https:\/\/magiacompra.com\/index.php\/wp-json\/wp\/v2\/types\/product"}],"wp:featuredmedia":[{"embeddable":true,"href":"https:\/\/magiacompra.com\/index.php\/wp-json\/wp\/v2\/media\/166"}],"wp:attachment":[{"href":"https:\/\/magiacompra.com\/index.php\/wp-json\/wp\/v2\/media?parent=623"}],"wp:term":[{"taxonomy":"product_brand","embeddable":true,"href":"https:\/\/magiacompra.com\/index.php\/wp-json\/wp\/v2\/product_brand?post=623"},{"taxonomy":"product_cat","embeddable":true,"href":"https:\/\/magiacompra.com\/index.php\/wp-json\/wp\/v2\/product_cat?post=623"},{"taxonomy":"product_tag","embeddable":true,"href":"https:\/\/magiacompra.com\/index.php\/wp-json\/wp\/v2\/product_tag?post=623"}],"curies":[{"name":"wp","href":"https:\/\/api.w.org\/{rel}","templated":true}]}}