{"id":2156,"date":"2025-11-30T13:36:38","date_gmt":"2025-11-30T13:36:38","guid":{"rendered":"https:\/\/magiacompra.com\/?post_type=product&#038;p=2156"},"modified":"2025-12-10T11:22:13","modified_gmt":"2025-12-10T11:22:13","slug":"dado-forzaje","status":"publish","type":"product","link":"https:\/\/magiacompra.com\/index.php\/producto\/dado-forzaje\/","title":{"rendered":"Dados de Forzaje Set Blanco (Forcing dice set)"},"content":{"rendered":"<p class=\"boxText\">Es una maravilla de set y muy completo que te permitir\u00e1 much\u00edsimas rutinas s\u00f3lo limitadas por tu imaginaci\u00f3n. Adem\u00e1s, los tenemos en 2 colores distintos, lo que incluso te permite poder combinarlos o que tengas un set muy original y poco visto.<\/p>\n<p>Con este set se incluye:<\/p>\n<p>1 dado blanco sin trucar para que lo personalices con lo que quieras<\/p>\n<p>1 dado con figuras ESP sin trucar<\/p>\n<p>1 dado totalmente normal<\/p>\n<p>6 dados trucados.<\/p>\n<div><\/div>\n<p>&nbsp;<\/p>\n","protected":false},"excerpt":{"rendered":"<div id=\"product-description-short-15416\" class=\"product-description\">\n<p>Los dados trucados est\u00e1n dise\u00f1ados de forma que, con el dado trucado para el n\u00famero 1, por ejemplo, por m\u00e1s que tire el espectador, nunca podr\u00e1 sacar el n\u00famero 1 (y as\u00ed para el caso de los 5 dados restantes para tener el set completo del 1 al 6). De esta forma, por ejemplo, una rutina posible puede ser tener 6 sobres y, en uno de ellos, meter un billete del espectador, enumerarlos del 1 al 6 y que el espectador vaya tirando el dado. Los sobres que ocupen el lugar que vaya saliendo en el dado se pueden romper o quemar y, al final del todo, quedar\u00e1 un sobre encima de la mesa y, al abrirlo, se comprobar\u00e1 que est\u00e1 el billete del espectador.<\/p>\n<\/div>\n<p>&nbsp;<\/p>\n","protected":false},"featured_media":2157,"template":"","meta":{"_et_pb_use_builder":"off","_et_pb_old_content":"Ahora podemos contar con la perfecci\u00f3n del fabricante de las cartas Bicycle.","_et_gb_content_width":""},"product_brand":[],"product_cat":[16,54],"product_tag":[],"class_list":{"0":"post-2156","1":"product","2":"type-product","3":"status-publish","4":"has-post-thumbnail","6":"product_cat-accesorios","7":"product_cat-mentalismo","9":"first","10":"instock","11":"featured","12":"shipping-taxable","13":"purchasable","14":"product-type-simple"},"jetpack_sharing_enabled":true,"_links":{"self":[{"href":"https:\/\/magiacompra.com\/index.php\/wp-json\/wp\/v2\/product\/2156","targetHints":{"allow":["GET"]}}],"collection":[{"href":"https:\/\/magiacompra.com\/index.php\/wp-json\/wp\/v2\/product"}],"about":[{"href":"https:\/\/magiacompra.com\/index.php\/wp-json\/wp\/v2\/types\/product"}],"wp:featuredmedia":[{"embeddable":true,"href":"https:\/\/magiacompra.com\/index.php\/wp-json\/wp\/v2\/media\/2157"}],"wp:attachment":[{"href":"https:\/\/magiacompra.com\/index.php\/wp-json\/wp\/v2\/media?parent=2156"}],"wp:term":[{"taxonomy":"product_brand","embeddable":true,"href":"https:\/\/magiacompra.com\/index.php\/wp-json\/wp\/v2\/product_brand?post=2156"},{"taxonomy":"product_cat","embeddable":true,"href":"https:\/\/magiacompra.com\/index.php\/wp-json\/wp\/v2\/product_cat?post=2156"},{"taxonomy":"product_tag","embeddable":true,"href":"https:\/\/magiacompra.com\/index.php\/wp-json\/wp\/v2\/product_tag?post=2156"}],"curies":[{"name":"wp","href":"https:\/\/api.w.org\/{rel}","templated":true}]}}