{"id":2150,"date":"2025-11-30T13:12:56","date_gmt":"2025-11-30T13:12:56","guid":{"rendered":"https:\/\/magiacompra.com\/?post_type=product&#038;p=2150"},"modified":"2025-12-10T11:21:28","modified_gmt":"2025-12-10T11:21:28","slug":"hook-de-eric-ross","status":"publish","type":"product","link":"https:\/\/magiacompra.com\/index.php\/producto\/hook-de-eric-ross\/","title":{"rendered":"Hook de Eric Ross"},"content":{"rendered":"<p class=\"boxText\">Eric Ross ha inventado un truco que juramos ser\u00e1 la nueva rutina de la ruleta. Esperamos que est\u00e9s de acuerdo. Imagina que colocas un anzuelo en tu boca. Varias cuerdas cuelgan de tus labios. Una de ellas est\u00e1 atada al anzuelo; el resto no. Pides a cinco espectadores que tiren de una cuerda de su elecci\u00f3n. \u00a1Que comience el juego! Tiren de la cuerda que tiren, la \u00faltima cuerda siempre permanece sujeta al gancho de tu boca. Est\u00e1s a salvo un d\u00eda m\u00e1s.<\/p>\n<p>Hook\u00a0es fuerte, visual, sencillo y seguro. Aunque es de bolsillo, es perfecto tanto para magia de cerca como para grandes escenarios. No podr\u00e1s evitar que HOOK genere una fuerte reacci\u00f3n de principio a fin.<\/p>\n<p>\u00ab\u00a1Qu\u00e9 efecto tan loco y retorcido! Estoy deseando realizarlo yo mismo\u00bb.<br \/>\n&#8211; Justin Flom<\/p>\n<p>FUNCIONA EL 100% DE LAS VECES. Sin forzajes, sin cambios, es autom\u00e1tico y seguro. Todo lo que necesitas est\u00e1 incluido en el paquete. Hemos creado el accesorio especial para que sea seguro de transportar, f\u00e1cil de montar y ofrezca el m\u00e1ximo impacto en la actuaci\u00f3n. Tambi\u00e9n hemos dise\u00f1ado el embalaje para que parezca discreto a prop\u00f3sito. De este modo, podr\u00e1s crear las reacciones m\u00e1s fuertes cuando menos se lo esperen.<\/p>\n<p>El kit de supervivencia incluye:<br \/>\n\u2714\u00a0 Gancho especialmente fabricado.<br \/>\n\u2714\u00a0 La cuerda adecuada que utiliza Eric.<br \/>\n\u2714\u00a0 Acceso a un v\u00eddeo de instrucciones. (NO utilices el producto antes de verlo completo).<br \/>\n\u2714\u00a0 B\u00e1sicamente, todo lo que necesitas para realizar actuaciones nada m\u00e1s sacarlo de la caja.<\/p>\n<p>NOTA: Este producto est\u00e1 destinado a personas mayores de 18 a\u00f1os y espec\u00edfico para magos profesionales. El fabricante o los vendedores no asumen ninguna responsabilidad inherente al uso de este accesorio. Prohibida la venta o demostraci\u00f3n a menores<\/p>\n<div><\/div>\n<p>&nbsp;<\/p>\n","protected":false},"excerpt":{"rendered":"<div id=\"product-description-short-15416\" class=\"product-description\">\n<p>Una nueva rutina de la ruleta. Imagina que colocas un anzuelo en tu boca. Varias cuerdas cuelgan de tus labios. Una de ellas est\u00e1 atada al anzuelo; el resto no. Pides a cinco espectadores que tiren de una cuerda de su elecci\u00f3n. \u00a1Que comience el juego! Tiren de la cuerda que tiren, la \u00faltima cuerda siempre permanece sujeta al gancho de tu boca. Est\u00e1s a salvo un d\u00eda m\u00e1s.<\/p>\n<p>Hook es fuerte, visual, sencillo y seguro. Prohibida la venta o demostraci\u00f3n a menores<\/p>\n<p>https:\/\/youtu.be\/eWnaR9fwrQM?si=oN6lnGmkhreTNuvd<\/p>\n<\/div>\n<div class=\"product-actions js-product-actions\">\n<form id=\"add-to-cart-or-refresh\" action=\"https:\/\/tiendamagia.com\/es\/carrito\" method=\"post\">\n<div class=\"product-prices js-product-prices\">\n<div class=\"product-price h5 \">\n<div class=\"current-price\"><\/div>\n<\/div>\n<\/div>\n<\/form>\n<\/div>\n<p>&nbsp;<\/p>\n","protected":false},"featured_media":2151,"template":"","meta":{"_et_pb_use_builder":"off","_et_pb_old_content":"Ahora podemos contar con la perfecci\u00f3n del fabricante de las cartas Bicycle.","_et_gb_content_width":""},"product_brand":[],"product_cat":[54],"product_tag":[],"class_list":{"0":"post-2150","1":"product","2":"type-product","3":"status-publish","4":"has-post-thumbnail","6":"product_cat-mentalismo","8":"first","9":"instock","10":"featured","11":"shipping-taxable","12":"purchasable","13":"product-type-simple"},"jetpack_sharing_enabled":true,"_links":{"self":[{"href":"https:\/\/magiacompra.com\/index.php\/wp-json\/wp\/v2\/product\/2150","targetHints":{"allow":["GET"]}}],"collection":[{"href":"https:\/\/magiacompra.com\/index.php\/wp-json\/wp\/v2\/product"}],"about":[{"href":"https:\/\/magiacompra.com\/index.php\/wp-json\/wp\/v2\/types\/product"}],"wp:featuredmedia":[{"embeddable":true,"href":"https:\/\/magiacompra.com\/index.php\/wp-json\/wp\/v2\/media\/2151"}],"wp:attachment":[{"href":"https:\/\/magiacompra.com\/index.php\/wp-json\/wp\/v2\/media?parent=2150"}],"wp:term":[{"taxonomy":"product_brand","embeddable":true,"href":"https:\/\/magiacompra.com\/index.php\/wp-json\/wp\/v2\/product_brand?post=2150"},{"taxonomy":"product_cat","embeddable":true,"href":"https:\/\/magiacompra.com\/index.php\/wp-json\/wp\/v2\/product_cat?post=2150"},{"taxonomy":"product_tag","embeddable":true,"href":"https:\/\/magiacompra.com\/index.php\/wp-json\/wp\/v2\/product_tag?post=2150"}],"curies":[{"name":"wp","href":"https:\/\/api.w.org\/{rel}","templated":true}]}}