{"id":2141,"date":"2025-11-17T19:20:59","date_gmt":"2025-11-17T19:20:59","guid":{"rendered":"https:\/\/magiacompra.com\/?post_type=product&#038;p=2141"},"modified":"2025-12-10T11:23:32","modified_gmt":"2025-12-10T11:23:32","slug":"gravity_clips","status":"publish","type":"product","link":"https:\/\/magiacompra.com\/index.php\/producto\/gravity_clips\/","title":{"rendered":"Gravity Clips -Greg Van Holsbeck"},"content":{"rendered":"<p>\u00bfQu\u00e9 incluye?<\/p>\n<ul>\n<li><strong>Gimmick personalizado:<\/strong>\u00a0Listo para usar, duradero y\u00a0f\u00e1cil\u00a0de montar.<\/li>\n<li><strong>Tutorial detallado:<\/strong>\u00a0Aprende a usar Gravity Clips y descubre rutinas creativas.<\/li>\n<li><strong>PDF con postales:<\/strong>\u00a0Dise\u00f1os personalizables para imprimir y usar en tu acto.<\/li>\n<\/ul>\n<p>\u00bfPor qu\u00e9 elegir Gravity Clips?<\/p>\n<ul>\n<li><strong>Impacto garantizado:<\/strong>\u00a0Combina lectura de mente con un final visual que sorprende a todos.<\/li>\n<li><strong>Libertad creativa:<\/strong>\u00a0Usa tus propios objetos o los dise\u00f1os incluidos para hacer la rutina \u00fanica.<\/li>\n<li><strong>Perfecto para cualquier nivel:<\/strong>\u00a0Desde principiantes hasta magos experimentados, todos pueden dominarlo r\u00e1pidamente.<\/li>\n<\/ul>\n<p><iframe loading=\"lazy\" title=\"Gravity_clips\" width=\"1080\" height=\"608\" src=\"https:\/\/www.youtube.com\/embed\/6FY_YflGkoQ?feature=oembed\"  allow=\"accelerometer; autoplay; clipboard-write; encrypted-media; gyroscope; picture-in-picture; web-share\" referrerpolicy=\"strict-origin-when-cross-origin\" allowfullscreen><\/iframe><\/p>\n","protected":false},"excerpt":{"rendered":"<p>Este efecto podr\u00e1s realizarlo tanto con p\u00fablico adulto como infantil. Imagina esto: repartes postales, cartas de poker, tarjetas de visita o cualquier objeto plano a un espectador.Das la espalda, ellos eligen una y la miran antes de mezclarla con las dem\u00e1s. Luego, sujetas las cartas a una cuerda que sostienen dos personas. Con un tir\u00f3n r\u00e1pido, todas las cartas caen al suelo&#8230; \u00a1excepto la que eligieron!<\/p>\n<ul>\n<li style=\"list-style-type: none;\">\n<ul>\n<li style=\"list-style-type: none;\">\n<ul>\n<li style=\"list-style-type: none;\">\n<ul>\n<li><strong>Efecto visual \u00fanico:<\/strong>\u00a0Un final que siempre provoca reacciones enormes.<\/li>\n<li><strong>F\u00e1cil de hacer:<\/strong>\u00a0No requiere manipulaci\u00f3n, solo montar el gimmick y listo.<\/li>\n<li><strong>Vers\u00e1til:<\/strong>\u00a0Funciona con casi cualquier objeto plano, lo que te permite personalizar la rutina a tu gusto.<\/li>\n<li><strong>Incluye ideas y recursos. <\/strong>Greg comparte varias rutinas en el tutorial y un PDF con postales personalizables.<\/li>\n<\/ul>\n<\/li>\n<\/ul>\n<\/li>\n<\/ul>\n<\/li>\n<\/ul>\n","protected":false},"featured_media":2142,"template":"","meta":{"_et_pb_use_builder":"off","_et_pb_old_content":"Ahora podemos contar con la perfecci\u00f3n del fabricante de las cartas Bicycle.","_et_gb_content_width":""},"product_brand":[],"product_cat":[16,54],"product_tag":[],"class_list":{"0":"post-2141","1":"product","2":"type-product","3":"status-publish","4":"has-post-thumbnail","6":"product_cat-accesorios","7":"product_cat-mentalismo","9":"first","10":"instock","11":"featured","12":"shipping-taxable","13":"purchasable","14":"product-type-simple"},"jetpack_sharing_enabled":true,"_links":{"self":[{"href":"https:\/\/magiacompra.com\/index.php\/wp-json\/wp\/v2\/product\/2141","targetHints":{"allow":["GET"]}}],"collection":[{"href":"https:\/\/magiacompra.com\/index.php\/wp-json\/wp\/v2\/product"}],"about":[{"href":"https:\/\/magiacompra.com\/index.php\/wp-json\/wp\/v2\/types\/product"}],"wp:featuredmedia":[{"embeddable":true,"href":"https:\/\/magiacompra.com\/index.php\/wp-json\/wp\/v2\/media\/2142"}],"wp:attachment":[{"href":"https:\/\/magiacompra.com\/index.php\/wp-json\/wp\/v2\/media?parent=2141"}],"wp:term":[{"taxonomy":"product_brand","embeddable":true,"href":"https:\/\/magiacompra.com\/index.php\/wp-json\/wp\/v2\/product_brand?post=2141"},{"taxonomy":"product_cat","embeddable":true,"href":"https:\/\/magiacompra.com\/index.php\/wp-json\/wp\/v2\/product_cat?post=2141"},{"taxonomy":"product_tag","embeddable":true,"href":"https:\/\/magiacompra.com\/index.php\/wp-json\/wp\/v2\/product_tag?post=2141"}],"curies":[{"name":"wp","href":"https:\/\/api.w.org\/{rel}","templated":true}]}}