{"id":2132,"date":"2025-09-16T18:06:50","date_gmt":"2025-09-16T18:06:50","guid":{"rendered":"https:\/\/magiacompra.com\/?post_type=product&#038;p=2132"},"modified":"2025-11-17T19:40:57","modified_gmt":"2025-11-17T19:40:57","slug":"bicycle-rider-back-modelo-antiguo","status":"publish","type":"product","link":"https:\/\/magiacompra.com\/index.php\/producto\/bicycle-rider-back-modelo-antiguo\/","title":{"rendered":"Bicycle rider Back (modelo antiguo)"},"content":{"rendered":"<p class=\"boxText\">Barajas Bicycle Rider Back de primera calidad fabricadas en United State Playing Card Company &#8211; USPCC.<br \/>\nM\u00e1xima calidad, flexibilidad y la terminaci\u00f3n de colch\u00f3n de aire (Air cushioned finish) que hace que tengan un deslizamiento perfecto. Esta es la baraja m\u00e1s recomendada para magos profesionales y jugadores de p\u00f3ker. Disponible en dorso azul y dorso rojo.Escr\u00edbenos el color deseado o se enviar\u00e1 al azar.<\/p>\n","protected":false},"excerpt":{"rendered":"<p>Desde hace m\u00e1s de cien a\u00f1os, es la carta que m\u00e1s se vende en Estados Unidos y es tambi\u00e9n la marca preferida de los cart\u00f3magos, gracias al acabado impecable de su superficie y flexibilidad . Todo eso hace de ellas un accesorio ideal,para todas las t\u00e9cnicas modernas de manipulaci\u00f3n de cartas. <i>Formato poker: 63*88mm.<\/i><\/p>\n","protected":false},"featured_media":2133,"template":"","meta":{"_et_pb_use_builder":"off","_et_pb_old_content":"Ahora podemos contar con la perfecci\u00f3n del fabricante de las cartas Bicycle.","_et_gb_content_width":""},"product_brand":[],"product_cat":[21],"product_tag":[],"class_list":{"0":"post-2132","1":"product","2":"type-product","3":"status-publish","4":"has-post-thumbnail","6":"product_cat-barajas","8":"first","9":"instock","10":"shipping-taxable","11":"purchasable","12":"product-type-simple"},"jetpack_sharing_enabled":true,"_links":{"self":[{"href":"https:\/\/magiacompra.com\/index.php\/wp-json\/wp\/v2\/product\/2132","targetHints":{"allow":["GET"]}}],"collection":[{"href":"https:\/\/magiacompra.com\/index.php\/wp-json\/wp\/v2\/product"}],"about":[{"href":"https:\/\/magiacompra.com\/index.php\/wp-json\/wp\/v2\/types\/product"}],"wp:featuredmedia":[{"embeddable":true,"href":"https:\/\/magiacompra.com\/index.php\/wp-json\/wp\/v2\/media\/2133"}],"wp:attachment":[{"href":"https:\/\/magiacompra.com\/index.php\/wp-json\/wp\/v2\/media?parent=2132"}],"wp:term":[{"taxonomy":"product_brand","embeddable":true,"href":"https:\/\/magiacompra.com\/index.php\/wp-json\/wp\/v2\/product_brand?post=2132"},{"taxonomy":"product_cat","embeddable":true,"href":"https:\/\/magiacompra.com\/index.php\/wp-json\/wp\/v2\/product_cat?post=2132"},{"taxonomy":"product_tag","embeddable":true,"href":"https:\/\/magiacompra.com\/index.php\/wp-json\/wp\/v2\/product_tag?post=2132"}],"curies":[{"name":"wp","href":"https:\/\/api.w.org\/{rel}","templated":true}]}}