{"id":2089,"date":"2025-08-24T16:31:44","date_gmt":"2025-08-24T16:31:44","guid":{"rendered":"https:\/\/magiacompra.com\/?post_type=product&#038;p=2089"},"modified":"2025-09-07T18:03:45","modified_gmt":"2025-09-07T18:03:45","slug":"52-shades-of-red-v3-shin-lim-baraja-52-tonos-roja","status":"publish","type":"product","link":"https:\/\/magiacompra.com\/index.php\/producto\/52-shades-of-red-v3-shin-lim-baraja-52-tonos-roja\/","title":{"rendered":"52 Shades of Red Shin Lim V3 (Baraja 52 tonos roja)"},"content":{"rendered":"<h1>Contiene:<\/h1>\n<ul>\n<li>Baraja 52 shades of Red<\/li>\n<li>Instrucciones Video Media (m\u00e1s de 120 min.)<\/li>\n<\/ul>\n<p>&nbsp;<\/p>\n<p>&nbsp;<\/p>\n<p>&nbsp;<\/p>\n<p>&nbsp;<\/p>\n<p>&nbsp;<\/p>\n","protected":false},"excerpt":{"rendered":"<p>Desde su aparici\u00f3n, Shin Lim ha revolucionado el mundo de la magia por su magia ta visual e impactante. Despu\u00e9s de su dos primeras versiones de \u00ab52 Shades of Red\u00bb llega la versi\u00f3n 3, donde podr\u00e1s tener algunas de las cartas que hab\u00eda en los otros sets para poder realizar su n\u00famero completo pero tendr\u00e1s adem\u00e1s una gran parte de cartas extra para realizar efectos nuevos que te volver\u00e1n loco.<\/p>\n<p>https:\/\/www.youtube.com\/watch?v=bL9m4rwxQ64<\/p>\n<p>&nbsp;<\/p>\n","protected":false},"featured_media":2090,"template":"","meta":{"_et_pb_use_builder":"off","_et_pb_old_content":"Ahora podemos contar con la perfecci\u00f3n del fabricante de las cartas Bicycle.","_et_gb_content_width":""},"product_brand":[],"product_cat":[21],"product_tag":[],"class_list":{"0":"post-2089","1":"product","2":"type-product","3":"status-publish","4":"has-post-thumbnail","6":"product_cat-barajas","8":"first","9":"instock","10":"featured","11":"shipping-taxable","12":"purchasable","13":"product-type-simple"},"jetpack_sharing_enabled":true,"_links":{"self":[{"href":"https:\/\/magiacompra.com\/index.php\/wp-json\/wp\/v2\/product\/2089","targetHints":{"allow":["GET"]}}],"collection":[{"href":"https:\/\/magiacompra.com\/index.php\/wp-json\/wp\/v2\/product"}],"about":[{"href":"https:\/\/magiacompra.com\/index.php\/wp-json\/wp\/v2\/types\/product"}],"wp:featuredmedia":[{"embeddable":true,"href":"https:\/\/magiacompra.com\/index.php\/wp-json\/wp\/v2\/media\/2090"}],"wp:attachment":[{"href":"https:\/\/magiacompra.com\/index.php\/wp-json\/wp\/v2\/media?parent=2089"}],"wp:term":[{"taxonomy":"product_brand","embeddable":true,"href":"https:\/\/magiacompra.com\/index.php\/wp-json\/wp\/v2\/product_brand?post=2089"},{"taxonomy":"product_cat","embeddable":true,"href":"https:\/\/magiacompra.com\/index.php\/wp-json\/wp\/v2\/product_cat?post=2089"},{"taxonomy":"product_tag","embeddable":true,"href":"https:\/\/magiacompra.com\/index.php\/wp-json\/wp\/v2\/product_tag?post=2089"}],"curies":[{"name":"wp","href":"https:\/\/api.w.org\/{rel}","templated":true}]}}