{"id":2085,"date":"2025-08-24T15:42:41","date_gmt":"2025-08-24T15:42:41","guid":{"rendered":"https:\/\/magiacompra.com\/?post_type=product&#038;p=2085"},"modified":"2025-11-30T13:09:29","modified_gmt":"2025-11-30T13:09:29","slug":"52-predictions-52-predicciones","status":"publish","type":"product","link":"https:\/\/magiacompra.com\/index.php\/producto\/52-predictions-52-predicciones\/","title":{"rendered":"52 Predictions J.C Magic (52 predicciones)"},"content":{"rendered":"<p class=\"boxText\">\u00ab52 Profec\u00edas\u00bb. Este efecto, en el que el p\u00fablico piensa en cualquier carta y el mago la predice con exactitud, siempre se ha considerado una de las haza\u00f1as m\u00e1s asombrosas de la magia. Sin embargo, muchos trucos de este tipo est\u00e1n llenos de limitaciones.<\/p>\n<p>Sin embargo, \u00ab52 Profec\u00edas\u00bb ha abordado estos problemas de frente, \u00a1ofreciendo la soluci\u00f3n m\u00e1s limpia y directa hasta la fecha! El mago presenta una carta que representa a un mago en miniatura, que saca una carta etiquetada como profec\u00eda. A continuaci\u00f3n, el mago invita al p\u00fablico a pensar en cualquier carta de la baraja y a nombrarla. Sin preguntas ni elecciones forzadas, y desprovisto de cualquier acci\u00f3n sospechosa, el mago simplemente abre la profec\u00eda: \u00a1la carta que sostiene el mago en la baraja refleja la imaginada por el p\u00fablico! S\u00ed, lo has o\u00eddo bien; este accesorio demuestra a la perfecci\u00f3n el efecto prof\u00e9tico de las 52 cartas, y cada una de ellas se puede mostrar sin configuraci\u00f3n previa ni necesidad de reseteos. Las actuaciones son ilimitadas; puedes pasar inmediatamente a una segunda o tercera ronda.<\/p>\n<p>Este accesorio totalmente pr\u00e1ctico garantiza una potente actuaci\u00f3n. Se incluye una carta est\u00e1ndar para los cambios, y el tutorial explica dos m\u00e9todos de cambio perfectamente integrados en el flujo de la actuaci\u00f3n. Este dise\u00f1o de actuaci\u00f3n en dos partes convencer\u00e1 y asombrar\u00e1 a tu p\u00fablico, que incluso podr\u00e1 examinar las cartas despu\u00e9s. \u00a1Impresiona hoy a tu p\u00fablico con el accesorio m\u00e1gico m\u00e1s potente de 2024!<\/p>\n<p><span class=\"violeta\">Dificultad: Principiante<\/span><\/p>\n","protected":false},"excerpt":{"rendered":"<div id=\"product-description-short-18045\" class=\"product-description\">\n<p>\u00bfQuieres dejar a tu p\u00fablico boquiabierto? \u00ab52 Profec\u00edas\u00bb es el truco de magia que necesitas. Imagina que el p\u00fablico piensa en una carta y t\u00fa, sin preguntas ni elecciones forzadas, la predices con exactitud. Todo gracias a una carta de mago en miniatura que saca una carta profec\u00eda. \u00a1S\u00ed, es tan genial como suena! Y lo mejor es que no necesitas ninguna configuraci\u00f3n previa ni reseteos.Este accesorio m\u00e1gico es pr\u00e1ctico y garantiza una actuaci\u00f3n potente. Incluye una carta est\u00e1ndar para los cambios y un tutorial que te ense\u00f1a dos m\u00e9todos de cambio perfectamente integrados en la actuaci\u00f3n. Y lo m\u00e1s impresionante es que tu p\u00fablico puede examinar las cartas despu\u00e9s. As\u00ed que, \u00bfa qu\u00e9 esperas? \u00a1Deja a todos asombrados con el accesorio m\u00e1gico m\u00e1s potente de 2024!<\/p>\n<\/div>\n<div class=\"product-actions js-product-actions\">\n<form id=\"add-to-cart-or-refresh\" action=\"https:\/\/tiendamagia.com\/es\/carrito\" method=\"post\">\n<div class=\"product-prices js-product-prices\">\n<div class=\"product-price h5 \"><\/div>\n<\/div>\n<\/form>\n<\/div>\n<p>https:\/\/www.youtube.com\/watch?v=Ibf_-oeGB9g<\/p>\n<p>&nbsp;<\/p>\n<p>&nbsp;<\/p>\n<p>&nbsp;<\/p>\n","protected":false},"featured_media":2086,"template":"","meta":{"_et_pb_use_builder":"off","_et_pb_old_content":"Ahora podemos contar con la perfecci\u00f3n del fabricante de las cartas Bicycle.","_et_gb_content_width":""},"product_brand":[],"product_cat":[16,22,20,54],"product_tag":[],"class_list":{"0":"post-2085","1":"product","2":"type-product","3":"status-publish","4":"has-post-thumbnail","6":"product_cat-accesorios","7":"product_cat-gimmiks","8":"product_cat-magia-de-cerca","9":"product_cat-mentalismo","11":"first","12":"instock","13":"featured","14":"shipping-taxable","15":"purchasable","16":"product-type-simple"},"jetpack_sharing_enabled":true,"_links":{"self":[{"href":"https:\/\/magiacompra.com\/index.php\/wp-json\/wp\/v2\/product\/2085","targetHints":{"allow":["GET"]}}],"collection":[{"href":"https:\/\/magiacompra.com\/index.php\/wp-json\/wp\/v2\/product"}],"about":[{"href":"https:\/\/magiacompra.com\/index.php\/wp-json\/wp\/v2\/types\/product"}],"wp:featuredmedia":[{"embeddable":true,"href":"https:\/\/magiacompra.com\/index.php\/wp-json\/wp\/v2\/media\/2086"}],"wp:attachment":[{"href":"https:\/\/magiacompra.com\/index.php\/wp-json\/wp\/v2\/media?parent=2085"}],"wp:term":[{"taxonomy":"product_brand","embeddable":true,"href":"https:\/\/magiacompra.com\/index.php\/wp-json\/wp\/v2\/product_brand?post=2085"},{"taxonomy":"product_cat","embeddable":true,"href":"https:\/\/magiacompra.com\/index.php\/wp-json\/wp\/v2\/product_cat?post=2085"},{"taxonomy":"product_tag","embeddable":true,"href":"https:\/\/magiacompra.com\/index.php\/wp-json\/wp\/v2\/product_tag?post=2085"}],"curies":[{"name":"wp","href":"https:\/\/api.w.org\/{rel}","templated":true}]}}