{"id":1709,"date":"2023-09-04T11:47:39","date_gmt":"2023-09-04T11:47:39","guid":{"rendered":"https:\/\/magiacompra.com\/?post_type=product&#038;p=1709"},"modified":"2025-08-24T18:04:37","modified_gmt":"2025-08-24T18:04:37","slug":"aros-chinos-nija-ninja-rings","status":"publish","type":"product","link":"https:\/\/magiacompra.com\/index.php\/producto\/aros-chinos-nija-ninja-rings\/","title":{"rendered":"Aros chinos nija (Ninja rings)"},"content":{"rendered":"<p>Perfectos para magia de cerca ya que caben perfectamente en el bolsillo.<\/p>\n","protected":false},"excerpt":{"rendered":"<p>Cada uno de estos aros plateados (Un aro llave, uno s\u00f3lido y dos enganchados) mide 10 cm. de di\u00e1metro, el tama\u00f1o perfecto para actuaciones de magia de cerca. En el DVD de Ninja Rings, Shoot Ogawa nos mostraba una de las mejores rutinas de aros chinos del mundo. Para realizarla no necesitas otra cosa que estos aros chinos para magia de cerca! Ahora a un precio inmejorable!<\/p>\n<p>https:\/\/youtu.be\/CSGfuz3F-MY<\/p>\n<p>&nbsp;<\/p>\n","protected":false},"featured_media":110,"template":"","meta":{"_et_pb_use_builder":"off","_et_pb_old_content":"Ahora podemos contar con la perfecci\u00f3n del fabricante de las cartas Bicycle.","_et_gb_content_width":""},"product_brand":[],"product_cat":[16,20],"product_tag":[],"class_list":{"0":"post-1709","1":"product","2":"type-product","3":"status-publish","4":"has-post-thumbnail","6":"product_cat-accesorios","7":"product_cat-magia-de-cerca","9":"first","10":"instock","11":"shipping-taxable","12":"purchasable","13":"product-type-simple"},"jetpack_sharing_enabled":true,"_links":{"self":[{"href":"https:\/\/magiacompra.com\/index.php\/wp-json\/wp\/v2\/product\/1709","targetHints":{"allow":["GET"]}}],"collection":[{"href":"https:\/\/magiacompra.com\/index.php\/wp-json\/wp\/v2\/product"}],"about":[{"href":"https:\/\/magiacompra.com\/index.php\/wp-json\/wp\/v2\/types\/product"}],"wp:featuredmedia":[{"embeddable":true,"href":"https:\/\/magiacompra.com\/index.php\/wp-json\/wp\/v2\/media\/110"}],"wp:attachment":[{"href":"https:\/\/magiacompra.com\/index.php\/wp-json\/wp\/v2\/media?parent=1709"}],"wp:term":[{"taxonomy":"product_brand","embeddable":true,"href":"https:\/\/magiacompra.com\/index.php\/wp-json\/wp\/v2\/product_brand?post=1709"},{"taxonomy":"product_cat","embeddable":true,"href":"https:\/\/magiacompra.com\/index.php\/wp-json\/wp\/v2\/product_cat?post=1709"},{"taxonomy":"product_tag","embeddable":true,"href":"https:\/\/magiacompra.com\/index.php\/wp-json\/wp\/v2\/product_tag?post=1709"}],"curies":[{"name":"wp","href":"https:\/\/api.w.org\/{rel}","templated":true}]}}