{"id":1707,"date":"2023-09-04T11:23:18","date_gmt":"2023-09-04T11:23:18","guid":{"rendered":"https:\/\/magiacompra.com\/?post_type=product&#038;p=1707"},"modified":"2025-08-24T18:07:14","modified_gmt":"2025-08-24T18:07:14","slug":"baraja-bicycle-standar-azul-o-roja-1-unidad","status":"publish","type":"product","link":"https:\/\/magiacompra.com\/index.php\/producto\/baraja-bicycle-standar-azul-o-roja-1-unidad\/","title":{"rendered":"Bicycle standar azul o roja (1 unidad)"},"content":{"rendered":"<p>Esta es la baraja m\u00e1s recomendada para magos profesionales. Escr\u00edbenos el color deseado o se enviar\u00e1 al azar.<\/p>\n","protected":false},"excerpt":{"rendered":"<p>Baraja bicycle standard azul o roja .Baraja Bicycle Standar aut\u00e9nticas y de primera calidad fabricadas en United State Playing Card USPC. Elegidas por magos de todo el mundo por su m\u00e1xima calidad, flexibilidad y la terminaci\u00f3n de colch\u00f3n de aire (Air cushioned finish) que hace que tengan un deslizamiento perfecto.<\/p>\n","protected":false},"featured_media":169,"template":"","meta":{"_et_pb_use_builder":"off","_et_pb_old_content":"Ahora podemos contar con la perfecci\u00f3n del fabricante de las cartas Bicycle.","_et_gb_content_width":""},"product_brand":[],"product_cat":[21],"product_tag":[],"class_list":{"0":"post-1707","1":"product","2":"type-product","3":"status-publish","4":"has-post-thumbnail","6":"product_cat-barajas","8":"first","9":"instock","10":"shipping-taxable","11":"purchasable","12":"product-type-simple"},"jetpack_sharing_enabled":true,"_links":{"self":[{"href":"https:\/\/magiacompra.com\/index.php\/wp-json\/wp\/v2\/product\/1707","targetHints":{"allow":["GET"]}}],"collection":[{"href":"https:\/\/magiacompra.com\/index.php\/wp-json\/wp\/v2\/product"}],"about":[{"href":"https:\/\/magiacompra.com\/index.php\/wp-json\/wp\/v2\/types\/product"}],"wp:featuredmedia":[{"embeddable":true,"href":"https:\/\/magiacompra.com\/index.php\/wp-json\/wp\/v2\/media\/169"}],"wp:attachment":[{"href":"https:\/\/magiacompra.com\/index.php\/wp-json\/wp\/v2\/media?parent=1707"}],"wp:term":[{"taxonomy":"product_brand","embeddable":true,"href":"https:\/\/magiacompra.com\/index.php\/wp-json\/wp\/v2\/product_brand?post=1707"},{"taxonomy":"product_cat","embeddable":true,"href":"https:\/\/magiacompra.com\/index.php\/wp-json\/wp\/v2\/product_cat?post=1707"},{"taxonomy":"product_tag","embeddable":true,"href":"https:\/\/magiacompra.com\/index.php\/wp-json\/wp\/v2\/product_tag?post=1707"}],"curies":[{"name":"wp","href":"https:\/\/api.w.org\/{rel}","templated":true}]}}