{"id":1705,"date":"2023-09-04T10:46:20","date_gmt":"2023-09-04T10:46:20","guid":{"rendered":"https:\/\/magiacompra.com\/?post_type=product&#038;p=1705"},"modified":"2025-11-30T13:09:53","modified_gmt":"2025-11-30T13:09:53","slug":"pinza-de-cambio-switch-clip-barking-dog","status":"publish","type":"product","link":"https:\/\/magiacompra.com\/index.php\/producto\/pinza-de-cambio-switch-clip-barking-dog\/","title":{"rendered":"Pinza de cambio (Switch Clip\/Barking Dog)"},"content":{"rendered":"<p>Magia Compra presenta una fusi\u00f3n de ideas del Barking Dog , como el de la foto y el swich clip con lo cual las mejoras del efecto son notables. Una maravilla de efecto con mil posibilidades de presentaci\u00f3n e ideas.<\/p>\n<p><img loading=\"lazy\" decoding=\"async\" class=\"aligncenter size-medium wp-image-1706\" src=\"https:\/\/magiacompra.com\/wp-content\/uploads\/2023\/09\/barking-dog-by-ettiene-pradier-300x219.jpg\" alt=\"\" width=\"300\" height=\"219\" srcset=\"https:\/\/magiacompra.com\/wp-content\/uploads\/2023\/09\/barking-dog-by-ettiene-pradier-300x219.jpg 300w, https:\/\/magiacompra.com\/wp-content\/uploads\/2023\/09\/barking-dog-by-ettiene-pradier.jpg 344w\" sizes=\"(max-width: 300px) 100vw, 300px\" \/><\/p>\n","protected":false},"excerpt":{"rendered":"<p>\u00a1Mentalismo en estado puro! Un espectador selecciona CUALQUIER carta de una baraja. Sin mirar la cara de esta carta seleccionada, se dobla en cuartos y se coloca en un clip de bulldog. Solo se recorta una peque\u00f1a parte y la tarjeta est\u00e1 a la vista. El clip se coloca a un lado. Una segunda carta se elige libremente y esta vez, esta tarjeta puede ser firmada por el espectador. Ahora puede realizar su rutina favorita,\u00a1Al final de su rutina, la selecci\u00f3n firmada se ha ido! Desaparecido por completo .Ahora se\u00f1ale la tarjeta recortada y extr\u00e1igala del clip. La tarjeta se desdobla y se muestra.<\/p>\n<p>https:\/\/www.youtube.com\/watch?v=TFzK8ZjKDO8<\/p>\n<p>&nbsp;<\/p>\n","protected":false},"featured_media":174,"template":"","meta":{"_et_pb_use_builder":"off","_et_pb_old_content":"Ahora podemos contar con la perfecci\u00f3n del fabricante de las cartas Bicycle.","_et_gb_content_width":""},"product_brand":[],"product_cat":[16,22,54],"product_tag":[],"class_list":{"0":"post-1705","1":"product","2":"type-product","3":"status-publish","4":"has-post-thumbnail","6":"product_cat-accesorios","7":"product_cat-gimmiks","8":"product_cat-mentalismo","10":"first","11":"instock","12":"featured","13":"shipping-taxable","14":"purchasable","15":"product-type-simple"},"jetpack_sharing_enabled":true,"_links":{"self":[{"href":"https:\/\/magiacompra.com\/index.php\/wp-json\/wp\/v2\/product\/1705","targetHints":{"allow":["GET"]}}],"collection":[{"href":"https:\/\/magiacompra.com\/index.php\/wp-json\/wp\/v2\/product"}],"about":[{"href":"https:\/\/magiacompra.com\/index.php\/wp-json\/wp\/v2\/types\/product"}],"wp:featuredmedia":[{"embeddable":true,"href":"https:\/\/magiacompra.com\/index.php\/wp-json\/wp\/v2\/media\/174"}],"wp:attachment":[{"href":"https:\/\/magiacompra.com\/index.php\/wp-json\/wp\/v2\/media?parent=1705"}],"wp:term":[{"taxonomy":"product_brand","embeddable":true,"href":"https:\/\/magiacompra.com\/index.php\/wp-json\/wp\/v2\/product_brand?post=1705"},{"taxonomy":"product_cat","embeddable":true,"href":"https:\/\/magiacompra.com\/index.php\/wp-json\/wp\/v2\/product_cat?post=1705"},{"taxonomy":"product_tag","embeddable":true,"href":"https:\/\/magiacompra.com\/index.php\/wp-json\/wp\/v2\/product_tag?post=1705"}],"curies":[{"name":"wp","href":"https:\/\/api.w.org\/{rel}","templated":true}]}}