{"id":1682,"date":"2023-07-31T18:47:49","date_gmt":"2023-07-31T18:47:49","guid":{"rendered":"https:\/\/magiacompra.com\/?post_type=product&#038;p=1682"},"modified":"2025-12-09T15:53:44","modified_gmt":"2025-12-09T15:53:44","slug":"bicycle-azul","status":"publish","type":"product","link":"https:\/\/magiacompra.com\/index.php\/producto\/bicycle-azul\/","title":{"rendered":"Bicycle-Second Azul (raras)"},"content":{"rendered":"<p>Modelo de bicycle descatalogado y vintage, que a dia de hoy ya no se fabrican. Aprovecha las ultimas unidades disponibles!<\/p>\n","protected":false},"excerpt":{"rendered":"<p data-start=\"278\" data-end=\"387\"><strong data-start=\"288\" data-end=\"323\">Baraja original Bicycle Seconds<\/strong>, <strong data-start=\"325\" data-end=\"347\">nueva y precintada<\/strong>, muy dif\u00edcil de conseguir hoy en d\u00eda.Estas barajas, conocidas como <em data-start=\"419\" data-end=\"436\">factory seconds<\/em>, eran descartadas en f\u00e1brica por peque\u00f1os detalles est\u00e9ticos (como un ligero descentrado en la impresi\u00f3n). Lo m\u00e1s importante: <strong data-start=\"627\" data-end=\"675\">Bicycle dej\u00f3 de fabricarlas hace varios a\u00f1os<\/strong>, por lo que cada vez quedan menos en circulaci\u00f3n. Esto las convierte en un <strong data-start=\"751\" data-end=\"787\">art\u00edculo raro y exclusivo<\/strong>\u00a0muy buscado por coleccionistas.<\/p>\n<p>&nbsp;<\/p>\n","protected":false},"featured_media":124,"template":"","meta":{"_et_pb_use_builder":"off","_et_pb_old_content":"Ahora podemos contar con la perfecci\u00f3n del fabricante de las cartas Bicycle.","_et_gb_content_width":""},"product_brand":[],"product_cat":[21],"product_tag":[],"class_list":{"0":"post-1682","1":"product","2":"type-product","3":"status-publish","4":"has-post-thumbnail","6":"product_cat-barajas","8":"first","9":"instock","10":"shipping-taxable","11":"purchasable","12":"product-type-simple"},"jetpack_sharing_enabled":true,"_links":{"self":[{"href":"https:\/\/magiacompra.com\/index.php\/wp-json\/wp\/v2\/product\/1682","targetHints":{"allow":["GET"]}}],"collection":[{"href":"https:\/\/magiacompra.com\/index.php\/wp-json\/wp\/v2\/product"}],"about":[{"href":"https:\/\/magiacompra.com\/index.php\/wp-json\/wp\/v2\/types\/product"}],"wp:featuredmedia":[{"embeddable":true,"href":"https:\/\/magiacompra.com\/index.php\/wp-json\/wp\/v2\/media\/124"}],"wp:attachment":[{"href":"https:\/\/magiacompra.com\/index.php\/wp-json\/wp\/v2\/media?parent=1682"}],"wp:term":[{"taxonomy":"product_brand","embeddable":true,"href":"https:\/\/magiacompra.com\/index.php\/wp-json\/wp\/v2\/product_brand?post=1682"},{"taxonomy":"product_cat","embeddable":true,"href":"https:\/\/magiacompra.com\/index.php\/wp-json\/wp\/v2\/product_cat?post=1682"},{"taxonomy":"product_tag","embeddable":true,"href":"https:\/\/magiacompra.com\/index.php\/wp-json\/wp\/v2\/product_tag?post=1682"}],"curies":[{"name":"wp","href":"https:\/\/api.w.org\/{rel}","templated":true}]}}