{"id":1679,"date":"2023-07-31T18:35:28","date_gmt":"2023-07-31T18:35:28","guid":{"rendered":"https:\/\/magiacompra.com\/?post_type=product&#038;p=1679"},"modified":"2025-08-24T18:16:42","modified_gmt":"2025-08-24T18:16:42","slug":"de-4-a-6-roja","status":"publish","type":"product","link":"https:\/\/magiacompra.com\/index.php\/producto\/de-4-a-6-roja\/","title":{"rendered":"De 4 A 6 Roja"},"content":{"rendered":"<p>Algo para sorprender a\u00fan m\u00e1s a tu audiencia. Formato Bicycle dorso rojo .Disponible en el palo de rombos*<\/p>\n","protected":false},"excerpt":{"rendered":"<p>&nbsp;<\/p>\n<p>El 6 de diamantes cambia a 4 de diamantes frente al p\u00fablico. Este truco de cartas es ideal si quieres observar el asombro y la sorpresa en los rostros de tu audiencia. Es f\u00e1cil de aprender y de realizar. En esta versi\u00f3n, los \u00edndices de las tarjetas tambi\u00e9n son diferentes (4 en un lado y 6 en el otro).<\/p>\n<p>https:\/\/youtu.be\/GPNFRtISGTU<\/p>\n","protected":false},"featured_media":100,"template":"","meta":{"_et_pb_use_builder":"off","_et_pb_old_content":"Ahora podemos contar con la perfecci\u00f3n del fabricante de las cartas Bicycle.","_et_gb_content_width":""},"product_brand":[],"product_cat":[16,22],"product_tag":[],"class_list":{"0":"post-1679","1":"product","2":"type-product","3":"status-publish","4":"has-post-thumbnail","6":"product_cat-accesorios","7":"product_cat-gimmiks","9":"first","10":"instock","11":"shipping-taxable","12":"purchasable","13":"product-type-simple"},"jetpack_sharing_enabled":true,"_links":{"self":[{"href":"https:\/\/magiacompra.com\/index.php\/wp-json\/wp\/v2\/product\/1679","targetHints":{"allow":["GET"]}}],"collection":[{"href":"https:\/\/magiacompra.com\/index.php\/wp-json\/wp\/v2\/product"}],"about":[{"href":"https:\/\/magiacompra.com\/index.php\/wp-json\/wp\/v2\/types\/product"}],"wp:featuredmedia":[{"embeddable":true,"href":"https:\/\/magiacompra.com\/index.php\/wp-json\/wp\/v2\/media\/100"}],"wp:attachment":[{"href":"https:\/\/magiacompra.com\/index.php\/wp-json\/wp\/v2\/media?parent=1679"}],"wp:term":[{"taxonomy":"product_brand","embeddable":true,"href":"https:\/\/magiacompra.com\/index.php\/wp-json\/wp\/v2\/product_brand?post=1679"},{"taxonomy":"product_cat","embeddable":true,"href":"https:\/\/magiacompra.com\/index.php\/wp-json\/wp\/v2\/product_cat?post=1679"},{"taxonomy":"product_tag","embeddable":true,"href":"https:\/\/magiacompra.com\/index.php\/wp-json\/wp\/v2\/product_tag?post=1679"}],"curies":[{"name":"wp","href":"https:\/\/api.w.org\/{rel}","templated":true}]}}