{"id":1658,"date":"2023-07-31T12:09:32","date_gmt":"2023-07-31T12:09:32","guid":{"rendered":"https:\/\/magiacompra.com\/?post_type=product&#038;p=1658"},"modified":"2025-08-24T18:20:30","modified_gmt":"2025-08-24T18:20:30","slug":"baston-aparicion-plastico-90-cm-negro","status":"publish","type":"product","link":"https:\/\/magiacompra.com\/index.php\/producto\/baston-aparicion-plastico-90-cm-negro\/","title":{"rendered":"Bast\u00f3n aparici\u00f3n pl\u00e1stico 90 cm (negro)"},"content":{"rendered":"<p>M\u00faltiples posibilidades de presentaci\u00f3n.<\/p>\n","protected":false},"excerpt":{"rendered":"<p>Muestra un pa\u00f1uelo de seda y, de pronto, \u00e9ste se convierte en un largo bast\u00f3n. Tambi\u00e9n puedes hacer aparecer el bast\u00f3n de la nada. Y mira estas ventajas: \u2022 Puedes utilizar el bast\u00f3n con un peque\u00f1o pa\u00f1uelo de seda o incluso mejor, con un pa\u00f1uelo de corte rombo (los pa\u00f1uelos se venden separadamente). \u2022 Desplegado mide casi 90 cm de largo. Se recomienda usar un pa\u00f1uelo de 20\u00d720 o de 30\u00d730 cm como m\u00e1ximo. Estos bastones son tan buenos que se abren a resorte y son casi tan r\u00edgidos como los bastones de aparici\u00f3n de metal pero, como son de pl\u00e1stico, tienen la ventaja de ser mucho m\u00e1s ligeros.<\/p>\n<p>https:\/\/youtu.be\/9On5Ri4ZJME<\/p>\n<p>&nbsp;<\/p>\n","protected":false},"featured_media":91,"template":"","meta":{"_et_pb_use_builder":"off","_et_pb_old_content":"Ahora podemos contar con la perfecci\u00f3n del fabricante de las cartas Bicycle.","_et_gb_content_width":""},"product_brand":[],"product_cat":[16,20],"product_tag":[],"class_list":{"0":"post-1658","1":"product","2":"type-product","3":"status-publish","4":"has-post-thumbnail","6":"product_cat-accesorios","7":"product_cat-magia-de-cerca","9":"first","10":"instock","11":"shipping-taxable","12":"purchasable","13":"product-type-simple"},"jetpack_sharing_enabled":true,"_links":{"self":[{"href":"https:\/\/magiacompra.com\/index.php\/wp-json\/wp\/v2\/product\/1658","targetHints":{"allow":["GET"]}}],"collection":[{"href":"https:\/\/magiacompra.com\/index.php\/wp-json\/wp\/v2\/product"}],"about":[{"href":"https:\/\/magiacompra.com\/index.php\/wp-json\/wp\/v2\/types\/product"}],"wp:featuredmedia":[{"embeddable":true,"href":"https:\/\/magiacompra.com\/index.php\/wp-json\/wp\/v2\/media\/91"}],"wp:attachment":[{"href":"https:\/\/magiacompra.com\/index.php\/wp-json\/wp\/v2\/media?parent=1658"}],"wp:term":[{"taxonomy":"product_brand","embeddable":true,"href":"https:\/\/magiacompra.com\/index.php\/wp-json\/wp\/v2\/product_brand?post=1658"},{"taxonomy":"product_cat","embeddable":true,"href":"https:\/\/magiacompra.com\/index.php\/wp-json\/wp\/v2\/product_cat?post=1658"},{"taxonomy":"product_tag","embeddable":true,"href":"https:\/\/magiacompra.com\/index.php\/wp-json\/wp\/v2\/product_tag?post=1658"}],"curies":[{"name":"wp","href":"https:\/\/api.w.org\/{rel}","templated":true}]}}