{"id":1656,"date":"2023-07-31T12:02:26","date_gmt":"2023-07-31T12:02:26","guid":{"rendered":"https:\/\/magiacompra.com\/?post_type=product&#038;p=1656"},"modified":"2025-08-24T18:22:30","modified_gmt":"2025-08-24T18:22:30","slug":"carta-flap-varios-modelos-hondo","status":"publish","type":"product","link":"https:\/\/magiacompra.com\/index.php\/producto\/carta-flap-varios-modelos-hondo\/","title":{"rendered":"Carta Flap (varios modelos) \u2013 Hondo"},"content":{"rendered":"<p>M\u00faltiples posibilidades de presentaci\u00f3n.<\/p>\n","protected":false},"excerpt":{"rendered":"<p>Cambio de dorso : de azul a rojo, de rojo a azul, cambio de cara etc\u2026 p\u00eddenos el modelo deseado. Hondo ha perfeccionado el dise\u00f1o de la carta Flap para permitir volteos m\u00e1s r\u00e1pidos y la eliminaci\u00f3n casi completa de las l\u00edneas de plegado y las superficies irregulares. Esto significa que podr\u00e1s actuar rodeado de p\u00fablico y de cerca, con cualquier tipo de carta que desee.<\/p>\n<p>https:\/\/youtu.be\/yIb2afLSkgI<\/p>\n","protected":false},"featured_media":165,"template":"","meta":{"_et_pb_use_builder":"off","_et_pb_old_content":"Ahora podemos contar con la perfecci\u00f3n del fabricante de las cartas Bicycle.","_et_gb_content_width":""},"product_brand":[],"product_cat":[22],"product_tag":[],"class_list":{"0":"post-1656","1":"product","2":"type-product","3":"status-publish","4":"has-post-thumbnail","6":"product_cat-gimmiks","8":"first","9":"instock","10":"featured","11":"shipping-taxable","12":"purchasable","13":"product-type-simple"},"jetpack_sharing_enabled":true,"_links":{"self":[{"href":"https:\/\/magiacompra.com\/index.php\/wp-json\/wp\/v2\/product\/1656","targetHints":{"allow":["GET"]}}],"collection":[{"href":"https:\/\/magiacompra.com\/index.php\/wp-json\/wp\/v2\/product"}],"about":[{"href":"https:\/\/magiacompra.com\/index.php\/wp-json\/wp\/v2\/types\/product"}],"wp:featuredmedia":[{"embeddable":true,"href":"https:\/\/magiacompra.com\/index.php\/wp-json\/wp\/v2\/media\/165"}],"wp:attachment":[{"href":"https:\/\/magiacompra.com\/index.php\/wp-json\/wp\/v2\/media?parent=1656"}],"wp:term":[{"taxonomy":"product_brand","embeddable":true,"href":"https:\/\/magiacompra.com\/index.php\/wp-json\/wp\/v2\/product_brand?post=1656"},{"taxonomy":"product_cat","embeddable":true,"href":"https:\/\/magiacompra.com\/index.php\/wp-json\/wp\/v2\/product_cat?post=1656"},{"taxonomy":"product_tag","embeddable":true,"href":"https:\/\/magiacompra.com\/index.php\/wp-json\/wp\/v2\/product_tag?post=1656"}],"curies":[{"name":"wp","href":"https:\/\/api.w.org\/{rel}","templated":true}]}}