{"id":1634,"date":"2023-07-30T23:51:22","date_gmt":"2023-07-30T23:51:22","guid":{"rendered":"https:\/\/magiacompra.com\/?post_type=product&#038;p=1634"},"modified":"2025-11-30T13:10:43","modified_gmt":"2025-11-30T13:10:43","slug":"baraja-invisible","status":"publish","type":"product","link":"https:\/\/magiacompra.com\/index.php\/producto\/baraja-invisible\/","title":{"rendered":"Invisible"},"content":{"rendered":"<p>\u2022 Sorprende a tu p\u00fablico con un efecto con mu\u00fatiples posibilidades de presentaci\u00f3n.<\/p>\n","protected":false},"excerpt":{"rendered":"<p>&nbsp;<\/p>\n<p>La mejor baraja trucada de todos los tiempos! -Dile a un espectador que piense en un naipe de la baraja. Luego saca una baraja, extiende las cartas en tu mano lentamente para revelar que solo hay una carta de dorso en toda la baraja. -Cuando saques la carta que estaba de dorso mira la cara de asombro de tus espectadores ya que coincidir\u00e1 con la que estaban pensando.<\/p>\n<p>https:\/\/youtu.be\/Of63C8sA3SI<\/p>\n","protected":false},"featured_media":154,"template":"","meta":{"_et_pb_use_builder":"off","_et_pb_old_content":"Ahora podemos contar con la perfecci\u00f3n del fabricante de las cartas Bicycle.","_et_gb_content_width":""},"product_brand":[],"product_cat":[21,54],"product_tag":[],"class_list":{"0":"post-1634","1":"product","2":"type-product","3":"status-publish","4":"has-post-thumbnail","6":"product_cat-barajas","7":"product_cat-mentalismo","9":"first","10":"instock","11":"featured","12":"shipping-taxable","13":"purchasable","14":"product-type-simple"},"jetpack_sharing_enabled":true,"_links":{"self":[{"href":"https:\/\/magiacompra.com\/index.php\/wp-json\/wp\/v2\/product\/1634","targetHints":{"allow":["GET"]}}],"collection":[{"href":"https:\/\/magiacompra.com\/index.php\/wp-json\/wp\/v2\/product"}],"about":[{"href":"https:\/\/magiacompra.com\/index.php\/wp-json\/wp\/v2\/types\/product"}],"wp:featuredmedia":[{"embeddable":true,"href":"https:\/\/magiacompra.com\/index.php\/wp-json\/wp\/v2\/media\/154"}],"wp:attachment":[{"href":"https:\/\/magiacompra.com\/index.php\/wp-json\/wp\/v2\/media?parent=1634"}],"wp:term":[{"taxonomy":"product_brand","embeddable":true,"href":"https:\/\/magiacompra.com\/index.php\/wp-json\/wp\/v2\/product_brand?post=1634"},{"taxonomy":"product_cat","embeddable":true,"href":"https:\/\/magiacompra.com\/index.php\/wp-json\/wp\/v2\/product_cat?post=1634"},{"taxonomy":"product_tag","embeddable":true,"href":"https:\/\/magiacompra.com\/index.php\/wp-json\/wp\/v2\/product_tag?post=1634"}],"curies":[{"name":"wp","href":"https:\/\/api.w.org\/{rel}","templated":true}]}}