{"id":1628,"date":"2023-07-30T23:31:30","date_gmt":"2023-07-30T23:31:30","guid":{"rendered":"https:\/\/magiacompra.com\/?post_type=product&#038;p=1628"},"modified":"2025-12-07T17:27:34","modified_gmt":"2025-12-07T17:27:34","slug":"baraja-cardtoon-1-dan-harlan","status":"publish","type":"product","link":"https:\/\/magiacompra.com\/index.php\/producto\/baraja-cardtoon-1-dan-harlan\/","title":{"rendered":"Cardtoon 1 (Dan Harlan)"},"content":{"rendered":"<p>Un efecto sorprendente y no solo especifico para ni\u00f1os ya que tambi\u00e9n encanta a adultos.<\/p>\n","protected":false},"excerpt":{"rendered":"<p>Nombra una carta cualquiera, el peque\u00f1o mago que est\u00e1 dibujado en el dorso de la baraja ser\u00e1 capaz de hacerla aparecer de su chistera. La baraja viene totalmente preparada para realizar el efecto de manera autom\u00e1tica, realizaci\u00f3n sin forzajes, la elecci\u00f3n es plenamente libre.<\/p>\n<p>https:\/\/youtu.be\/rlMF4ZaXsrU<\/p>\n","protected":false},"featured_media":1651,"template":"","meta":{"_et_pb_use_builder":"off","_et_pb_old_content":"Ahora podemos contar con la perfecci\u00f3n del fabricante de las cartas Bicycle.","_et_gb_content_width":""},"product_brand":[],"product_cat":[21],"product_tag":[],"class_list":{"0":"post-1628","1":"product","2":"type-product","3":"status-publish","4":"has-post-thumbnail","6":"product_cat-barajas","8":"first","9":"instock","10":"featured","11":"shipping-taxable","12":"purchasable","13":"product-type-simple"},"jetpack_sharing_enabled":true,"_links":{"self":[{"href":"https:\/\/magiacompra.com\/index.php\/wp-json\/wp\/v2\/product\/1628","targetHints":{"allow":["GET"]}}],"collection":[{"href":"https:\/\/magiacompra.com\/index.php\/wp-json\/wp\/v2\/product"}],"about":[{"href":"https:\/\/magiacompra.com\/index.php\/wp-json\/wp\/v2\/types\/product"}],"wp:featuredmedia":[{"embeddable":true,"href":"https:\/\/magiacompra.com\/index.php\/wp-json\/wp\/v2\/media\/1651"}],"wp:attachment":[{"href":"https:\/\/magiacompra.com\/index.php\/wp-json\/wp\/v2\/media?parent=1628"}],"wp:term":[{"taxonomy":"product_brand","embeddable":true,"href":"https:\/\/magiacompra.com\/index.php\/wp-json\/wp\/v2\/product_brand?post=1628"},{"taxonomy":"product_cat","embeddable":true,"href":"https:\/\/magiacompra.com\/index.php\/wp-json\/wp\/v2\/product_cat?post=1628"},{"taxonomy":"product_tag","embeddable":true,"href":"https:\/\/magiacompra.com\/index.php\/wp-json\/wp\/v2\/product_tag?post=1628"}],"curies":[{"name":"wp","href":"https:\/\/api.w.org\/{rel}","templated":true}]}}