{"id":1627,"date":"2023-07-30T23:24:27","date_gmt":"2023-07-30T23:24:27","guid":{"rendered":"https:\/\/magiacompra.com\/?post_type=product&#038;p=1627"},"modified":"2025-09-11T23:04:12","modified_gmt":"2025-09-11T23:04:12","slug":"baraja-cardtoon-2-dan-harlan","status":"publish","type":"product","link":"https:\/\/magiacompra.com\/index.php\/producto\/baraja-cardtoon-2-dan-harlan\/","title":{"rendered":"Cardtoon 2 (Dan Harlan)"},"content":{"rendered":"<p>El espectador nombra una carta (sin forzaje alguno). A continuaci\u00f3n, t\u00fa muestras que todos los dorsos de la baraja presentan el dibujito de un mago de pie en una tienda de circo. Finalmente, ante el deleite de la audiencia, t\u00fa hojeas la baraja con el pulgar, las cartas van pasando una tras otra, y los dibujos generan una secuencia.<\/p>\n","protected":false},"excerpt":{"rendered":"<p>La carta seleccionada por el espectador es revelada por un hombre bala pintado con rotulador en los dorsos de las cartas al crear una animaci\u00f3n por medio de hojear las cartas! Posiblemente el truco m\u00e1s encantador y simp\u00e1tico jam\u00e1s inventado. Ahora con una animaci\u00f3n diferente!<\/p>\n<p>https:\/\/youtu.be\/jssRtTebvm0<\/p>\n","protected":false},"featured_media":87,"template":"","meta":{"_et_pb_use_builder":"off","_et_pb_old_content":"Ahora podemos contar con la perfecci\u00f3n del fabricante de las cartas Bicycle.","_et_gb_content_width":""},"product_brand":[],"product_cat":[21],"product_tag":[],"class_list":{"0":"post-1627","1":"product","2":"type-product","3":"status-publish","4":"has-post-thumbnail","6":"product_cat-barajas","8":"first","9":"instock","10":"shipping-taxable","11":"purchasable","12":"product-type-simple"},"jetpack_sharing_enabled":true,"_links":{"self":[{"href":"https:\/\/magiacompra.com\/index.php\/wp-json\/wp\/v2\/product\/1627","targetHints":{"allow":["GET"]}}],"collection":[{"href":"https:\/\/magiacompra.com\/index.php\/wp-json\/wp\/v2\/product"}],"about":[{"href":"https:\/\/magiacompra.com\/index.php\/wp-json\/wp\/v2\/types\/product"}],"wp:featuredmedia":[{"embeddable":true,"href":"https:\/\/magiacompra.com\/index.php\/wp-json\/wp\/v2\/media\/87"}],"wp:attachment":[{"href":"https:\/\/magiacompra.com\/index.php\/wp-json\/wp\/v2\/media?parent=1627"}],"wp:term":[{"taxonomy":"product_brand","embeddable":true,"href":"https:\/\/magiacompra.com\/index.php\/wp-json\/wp\/v2\/product_brand?post=1627"},{"taxonomy":"product_cat","embeddable":true,"href":"https:\/\/magiacompra.com\/index.php\/wp-json\/wp\/v2\/product_cat?post=1627"},{"taxonomy":"product_tag","embeddable":true,"href":"https:\/\/magiacompra.com\/index.php\/wp-json\/wp\/v2\/product_tag?post=1627"}],"curies":[{"name":"wp","href":"https:\/\/api.w.org\/{rel}","templated":true}]}}