{"id":1623,"date":"2023-07-30T23:04:50","date_gmt":"2023-07-30T23:04:50","guid":{"rendered":"https:\/\/magiacompra.com\/?post_type=product&#038;p=1623"},"modified":"2025-09-11T23:06:21","modified_gmt":"2025-09-11T23:06:21","slug":"papel-de-la-boca-mouth-coil-12-unidades","status":"publish","type":"product","link":"https:\/\/magiacompra.com\/index.php\/producto\/papel-de-la-boca-mouth-coil-12-unidades\/","title":{"rendered":"Papel de la boca (mouth coil) 12 unidades"},"content":{"rendered":"<p>Incluye set de 12 rollos descartables, de 15m. de largo cada uno.<\/p>\n","protected":false},"excerpt":{"rendered":"<p>Tambi\u00e9n llamado tiraboca o streamer . El mago comienza a comer algod\u00f3n, y de repente una largu\u00edsima tira o cinta sale de su boca. muchos profesionales terminan este juego produciendo una paloma. I<\/p>\n<p>https:\/\/youtu.be\/j8XvNkfbFLc<\/p>\n","protected":false},"featured_media":113,"template":"","meta":{"_et_pb_use_builder":"off","_et_pb_old_content":"Ahora podemos contar con la perfecci\u00f3n del fabricante de las cartas Bicycle.","_et_gb_content_width":""},"product_brand":[],"product_cat":[16],"product_tag":[],"class_list":{"0":"post-1623","1":"product","2":"type-product","3":"status-publish","4":"has-post-thumbnail","6":"product_cat-accesorios","8":"first","9":"instock","10":"featured","11":"shipping-taxable","12":"purchasable","13":"product-type-simple"},"jetpack_sharing_enabled":true,"_links":{"self":[{"href":"https:\/\/magiacompra.com\/index.php\/wp-json\/wp\/v2\/product\/1623","targetHints":{"allow":["GET"]}}],"collection":[{"href":"https:\/\/magiacompra.com\/index.php\/wp-json\/wp\/v2\/product"}],"about":[{"href":"https:\/\/magiacompra.com\/index.php\/wp-json\/wp\/v2\/types\/product"}],"wp:featuredmedia":[{"embeddable":true,"href":"https:\/\/magiacompra.com\/index.php\/wp-json\/wp\/v2\/media\/113"}],"wp:attachment":[{"href":"https:\/\/magiacompra.com\/index.php\/wp-json\/wp\/v2\/media?parent=1623"}],"wp:term":[{"taxonomy":"product_brand","embeddable":true,"href":"https:\/\/magiacompra.com\/index.php\/wp-json\/wp\/v2\/product_brand?post=1623"},{"taxonomy":"product_cat","embeddable":true,"href":"https:\/\/magiacompra.com\/index.php\/wp-json\/wp\/v2\/product_cat?post=1623"},{"taxonomy":"product_tag","embeddable":true,"href":"https:\/\/magiacompra.com\/index.php\/wp-json\/wp\/v2\/product_tag?post=1623"}],"curies":[{"name":"wp","href":"https:\/\/api.w.org\/{rel}","templated":true}]}}