{"id":1620,"date":"2023-07-30T20:10:30","date_gmt":"2023-07-30T20:10:30","guid":{"rendered":"https:\/\/magiacompra.com\/?post_type=product&#038;p=1620"},"modified":"2025-11-30T13:11:09","modified_gmt":"2025-11-30T13:11:09","slug":"carta-magnetica-shimmed-card","status":"publish","type":"product","link":"https:\/\/magiacompra.com\/index.php\/producto\/carta-magnetica-shimmed-card\/","title":{"rendered":"Carta Magnetica (Shimmed card)"},"content":{"rendered":"<p>No se nota el im\u00e1n! Las cartas no se ven gruesas!. Esta es la carta magn\u00e9tica que has estado buscando!<\/p>\n","protected":false},"excerpt":{"rendered":"<p>Carta magnetica (Azul o rojo) Carta tama\u00f1o Poker Bicycle Esta carta magn\u00e9tica contiene un muy potente, pero extremadamente delgado im\u00e1n de neodimio, capaz de sostener cargas pesadas como monedas ferrosas. Esta no es una carta magn\u00e9tica gruesa como las que se suelen encontrar habitualmente ,sino del grosor fino de una carta standar, realizada a mano artesanalmente, se puede manejar libremente bajo la nariz del espectador! Se ve y se siente normal.<\/p>\n<p>&nbsp;<\/p>\n<p>&nbsp;<\/p>\n","protected":false},"featured_media":98,"template":"","meta":{"_et_pb_use_builder":"off","_et_pb_old_content":"Ahora podemos contar con la perfecci\u00f3n del fabricante de las cartas Bicycle.","_et_gb_content_width":""},"product_brand":[],"product_cat":[16,22,54],"product_tag":[],"class_list":{"0":"post-1620","1":"product","2":"type-product","3":"status-publish","4":"has-post-thumbnail","6":"product_cat-accesorios","7":"product_cat-gimmiks","8":"product_cat-mentalismo","10":"first","11":"instock","12":"shipping-taxable","13":"purchasable","14":"product-type-simple"},"jetpack_sharing_enabled":true,"_links":{"self":[{"href":"https:\/\/magiacompra.com\/index.php\/wp-json\/wp\/v2\/product\/1620","targetHints":{"allow":["GET"]}}],"collection":[{"href":"https:\/\/magiacompra.com\/index.php\/wp-json\/wp\/v2\/product"}],"about":[{"href":"https:\/\/magiacompra.com\/index.php\/wp-json\/wp\/v2\/types\/product"}],"wp:featuredmedia":[{"embeddable":true,"href":"https:\/\/magiacompra.com\/index.php\/wp-json\/wp\/v2\/media\/98"}],"wp:attachment":[{"href":"https:\/\/magiacompra.com\/index.php\/wp-json\/wp\/v2\/media?parent=1620"}],"wp:term":[{"taxonomy":"product_brand","embeddable":true,"href":"https:\/\/magiacompra.com\/index.php\/wp-json\/wp\/v2\/product_brand?post=1620"},{"taxonomy":"product_cat","embeddable":true,"href":"https:\/\/magiacompra.com\/index.php\/wp-json\/wp\/v2\/product_cat?post=1620"},{"taxonomy":"product_tag","embeddable":true,"href":"https:\/\/magiacompra.com\/index.php\/wp-json\/wp\/v2\/product_tag?post=1620"}],"curies":[{"name":"wp","href":"https:\/\/api.w.org\/{rel}","templated":true}]}}