{"id":1617,"date":"2023-07-30T19:55:37","date_gmt":"2023-07-30T19:55:37","guid":{"rendered":"https:\/\/magiacompra.com\/?post_type=product&#038;p=1617"},"modified":"2026-03-12T09:49:10","modified_gmt":"2026-03-12T09:49:10","slug":"gomas-elasticas-japonesas","status":"publish","type":"product","link":"https:\/\/magiacompra.com\/index.php\/producto\/gomas-elasticas-japonesas\/","title":{"rendered":"Gomas elasticas japonesas 100 truco magia"},"content":{"rendered":"<p>Nosotros hemos conseguido traer una partida de estas gomas para la comunidad m\u00e1gica Espa\u00f1ola as\u00ed que si eres uno de esos que buscaba est\u00e1s gomas el\u00e1sticas para tus juegos, no pierdas tu oportunidad!!!<\/p>\n","protected":false},"excerpt":{"rendered":"<p>Durante mucho tiempo agotadas, de mucho esperar y de mucho buscar llegan otra vez las gomas super el\u00e1sticas de colores procedentes de Jap\u00f3n.Aquellas famosas gomas que muchos magos han estado usando y una vez agotadas han sido tan buscadas hasta la saciedad sin suerte alguna.<\/p>\n<p>&nbsp;<\/p>\n","protected":false},"featured_media":106,"template":"","meta":{"_et_pb_use_builder":"off","_et_pb_old_content":"Ahora podemos contar con la perfecci\u00f3n del fabricante de las cartas Bicycle.","_et_gb_content_width":""},"product_brand":[],"product_cat":[16],"product_tag":[],"class_list":{"0":"post-1617","1":"product","2":"type-product","3":"status-publish","4":"has-post-thumbnail","6":"product_cat-accesorios","8":"first","9":"instock","10":"featured","11":"shipping-taxable","12":"purchasable","13":"product-type-simple"},"jetpack_sharing_enabled":true,"_links":{"self":[{"href":"https:\/\/magiacompra.com\/index.php\/wp-json\/wp\/v2\/product\/1617","targetHints":{"allow":["GET"]}}],"collection":[{"href":"https:\/\/magiacompra.com\/index.php\/wp-json\/wp\/v2\/product"}],"about":[{"href":"https:\/\/magiacompra.com\/index.php\/wp-json\/wp\/v2\/types\/product"}],"wp:featuredmedia":[{"embeddable":true,"href":"https:\/\/magiacompra.com\/index.php\/wp-json\/wp\/v2\/media\/106"}],"wp:attachment":[{"href":"https:\/\/magiacompra.com\/index.php\/wp-json\/wp\/v2\/media?parent=1617"}],"wp:term":[{"taxonomy":"product_brand","embeddable":true,"href":"https:\/\/magiacompra.com\/index.php\/wp-json\/wp\/v2\/product_brand?post=1617"},{"taxonomy":"product_cat","embeddable":true,"href":"https:\/\/magiacompra.com\/index.php\/wp-json\/wp\/v2\/product_cat?post=1617"},{"taxonomy":"product_tag","embeddable":true,"href":"https:\/\/magiacompra.com\/index.php\/wp-json\/wp\/v2\/product_tag?post=1617"}],"curies":[{"name":"wp","href":"https:\/\/api.w.org\/{rel}","templated":true}]}}