{"id":1616,"date":"2023-07-30T19:49:33","date_gmt":"2023-07-30T19:49:33","guid":{"rendered":"https:\/\/magiacompra.com\/?post_type=product&#038;p=1616"},"modified":"2025-08-20T18:50:55","modified_gmt":"2025-08-20T18:50:55","slug":"dedos-de-luz-disponibles-en-rojoverde-o-azul","status":"publish","type":"product","link":"https:\/\/magiacompra.com\/index.php\/producto\/dedos-de-luz-disponibles-en-rojoverde-o-azul\/","title":{"rendered":"Dedos de Luz (disponibles en rojo,verde o azul)"},"content":{"rendered":"<p>Los tienes disponibles en rojo, verde o azul. Indicarnos el color deseado al hacer su pedido o se enviaran al azar.<\/p>\n<p>&nbsp;<\/p>\n","protected":false},"excerpt":{"rendered":"<p>Dedos de luz (o d\u2019lite). Con estos dedos especiales, usted ser\u00e1 capaz de encantar a cualquier tipo de p\u00fablico. Sus dedos jugar\u00e1n m\u00e1gicamente con hermosas luces que aparecer\u00e1n y desaparecer\u00e1n por&amp;nbsp;aqu\u00ed y por all\u00e1 bajo su voluntad, mientras que sus manos parecen completamente vac\u00edas.<\/p>\n<p>https:\/\/youtu.be\/30WPMSNDqGU<\/p>\n","protected":false},"featured_media":102,"template":"","meta":{"_et_pb_use_builder":"off","_et_pb_old_content":"Ahora podemos contar con la perfecci\u00f3n del fabricante de las cartas Bicycle.","_et_gb_content_width":""},"product_brand":[],"product_cat":[16,20],"product_tag":[],"class_list":{"0":"post-1616","1":"product","2":"type-product","3":"status-publish","4":"has-post-thumbnail","6":"product_cat-accesorios","7":"product_cat-magia-de-cerca","9":"first","10":"instock","11":"shipping-taxable","12":"purchasable","13":"product-type-simple"},"jetpack_sharing_enabled":true,"_links":{"self":[{"href":"https:\/\/magiacompra.com\/index.php\/wp-json\/wp\/v2\/product\/1616","targetHints":{"allow":["GET"]}}],"collection":[{"href":"https:\/\/magiacompra.com\/index.php\/wp-json\/wp\/v2\/product"}],"about":[{"href":"https:\/\/magiacompra.com\/index.php\/wp-json\/wp\/v2\/types\/product"}],"wp:featuredmedia":[{"embeddable":true,"href":"https:\/\/magiacompra.com\/index.php\/wp-json\/wp\/v2\/media\/102"}],"wp:attachment":[{"href":"https:\/\/magiacompra.com\/index.php\/wp-json\/wp\/v2\/media?parent=1616"}],"wp:term":[{"taxonomy":"product_brand","embeddable":true,"href":"https:\/\/magiacompra.com\/index.php\/wp-json\/wp\/v2\/product_brand?post=1616"},{"taxonomy":"product_cat","embeddable":true,"href":"https:\/\/magiacompra.com\/index.php\/wp-json\/wp\/v2\/product_cat?post=1616"},{"taxonomy":"product_tag","embeddable":true,"href":"https:\/\/magiacompra.com\/index.php\/wp-json\/wp\/v2\/product_tag?post=1616"}],"curies":[{"name":"wp","href":"https:\/\/api.w.org\/{rel}","templated":true}]}}