{"id":1780,"date":"2024-08-19T14:11:31","date_gmt":"2024-08-19T14:11:31","guid":{"rendered":"https:\/\/magiacompra.com\/?page_id=1780"},"modified":"2025-09-11T16:05:10","modified_gmt":"2025-09-11T16:05:10","slug":"condiciones-generales-aviso-legal","status":"publish","type":"page","link":"https:\/\/magiacompra.com\/index.php\/condiciones-generales-aviso-legal\/","title":{"rendered":"T\u00e9rminos y condiciones"},"content":{"rendered":"<p>[et_pb_section fb_built=\u00bb1&#8243; _builder_version=\u00bb4.27.4&#8243; _module_preset=\u00bbdefault\u00bb global_colors_info=\u00bb{}\u00bb][et_pb_row _builder_version=\u00bb4.27.4&#8243; _module_preset=\u00bbdefault\u00bb custom_margin=\u00bb2px|auto||auto||\u00bb custom_padding=\u00bb98px||0px|||\u00bb global_colors_info=\u00bb{}\u00bb][et_pb_column type=\u00bb4_4&#8243; _builder_version=\u00bb4.27.4&#8243; _module_preset=\u00bbdefault\u00bb global_colors_info=\u00bb{}\u00bb][et_pb_text _builder_version=\u00bb4.27.4&#8243; _module_preset=\u00bbdefault\u00bb custom_margin=\u00bb-138px|||||\u00bb custom_padding=\u00bb0px||0px|||\u00bb global_colors_info=\u00bb{}\u00bb]<\/p>\n<section id=\"wrapper\">\n<div id=\"inner-wrapper\" class=\"container\">\n<div id=\"content-wrapper\">\n<section id=\"main\">\n<header class=\"page-header\">\n<h3 style=\"text-align: justify;\"><strong>Terminos y condiciones<\/strong><\/h3>\n<p><strong>Env\u00edos:\u00a0<\/strong><\/p>\n<ul>\n<li><strong>Ordinarios:<\/strong> Sin seguimiento para pedidos de hasta 29\u20ac. No incluye PayPal. No asumimos retrasos o p\u00e9rdidas tras env\u00edo.<\/li>\n<li><strong>Certificados:<\/strong> Con seguimiento. Acepta PayPal y para pedidos de mas de 29\u20ac de importe. <span style=\"font-size: 14px;\">Pedidos hechos el viernes se env\u00edan lunes.<\/span><\/li>\n<\/ul>\n<p><strong>Devoluciones:<\/strong><\/p>\n<ul>\n<li>Plazo: 14 d\u00edas desde la recepci\u00f3n. Condici\u00f3n: Producto sin abrir ni da\u00f1ar. Gastos de env\u00edos a cargo del cliente, salvo defecto o errores.<\/li>\n<li>No recogida: se descontar\u00e1 el 20% del importe del art\u00edculo por costes de gesti\u00f3n + sin devoluci\u00f3n de gastos de env\u00edo (env\u00edos certificado)<\/li>\n<\/ul>\n<p data-start=\"1319\" data-end=\"1478\" style=\"text-align: justify;\">\n<p data-start=\"1810\" data-end=\"1938\">\n<\/header>\n<footer class=\"page-footer\"><\/footer>\n<\/section>\n<\/div>\n<\/div>\n<\/section>\n<footer id=\"footer\">\n<div id=\"footer-container-main\" class=\"footer-container footer-style-1\"><\/div>\n<\/footer>\n<p>[\/et_pb_text][\/et_pb_column][\/et_pb_row][\/et_pb_section]<\/p>\n","protected":false},"excerpt":{"rendered":"<p>Terminos y condiciones Env\u00edos:\u00a0 Ordinarios: Sin seguimiento para pedidos de hasta 29\u20ac. No incluye PayPal. No asumimos retrasos o p\u00e9rdidas tras env\u00edo. Certificados: Con seguimiento. Acepta PayPal y para pedidos de mas de 29\u20ac de importe. Pedidos hechos el viernes se env\u00edan lunes. Devoluciones: Plazo: 14 d\u00edas desde la recepci\u00f3n. Condici\u00f3n: Producto sin abrir ni [&hellip;]<\/p>\n","protected":false},"author":1,"featured_media":0,"parent":0,"menu_order":0,"comment_status":"closed","ping_status":"closed","template":"","meta":{"_et_pb_use_builder":"on","_et_pb_old_content":"","_et_gb_content_width":"","footnotes":""},"class_list":["post-1780","page","type-page","status-publish","hentry"],"jetpack_sharing_enabled":true,"_links":{"self":[{"href":"https:\/\/magiacompra.com\/index.php\/wp-json\/wp\/v2\/pages\/1780","targetHints":{"allow":["GET"]}}],"collection":[{"href":"https:\/\/magiacompra.com\/index.php\/wp-json\/wp\/v2\/pages"}],"about":[{"href":"https:\/\/magiacompra.com\/index.php\/wp-json\/wp\/v2\/types\/page"}],"author":[{"embeddable":true,"href":"https:\/\/magiacompra.com\/index.php\/wp-json\/wp\/v2\/users\/1"}],"replies":[{"embeddable":true,"href":"https:\/\/magiacompra.com\/index.php\/wp-json\/wp\/v2\/comments?post=1780"}],"version-history":[{"count":0,"href":"https:\/\/magiacompra.com\/index.php\/wp-json\/wp\/v2\/pages\/1780\/revisions"}],"wp:attachment":[{"href":"https:\/\/magiacompra.com\/index.php\/wp-json\/wp\/v2\/media?parent=1780"}],"curies":[{"name":"wp","href":"https:\/\/api.w.org\/{rel}","templated":true}]}}