{"id":1770,"date":"2024-08-19T13:45:08","date_gmt":"2024-08-19T13:45:08","guid":{"rendered":"https:\/\/magiacompra.com\/?page_id=1770"},"modified":"2025-12-09T15:57:36","modified_gmt":"2025-12-09T15:57:36","slug":"sobre-nosotros","status":"publish","type":"page","link":"https:\/\/magiacompra.com\/index.php\/sobre-nosotros\/","title":{"rendered":"Sobre nosotros"},"content":{"rendered":"<p>[et_pb_section fb_built=\u00bb1&#8243; _builder_version=\u00bb4.21.0&#8243; _module_preset=\u00bbdefault\u00bb global_colors_info=\u00bb{}\u00bb][et_pb_row _builder_version=\u00bb4.21.0&#8243; _module_preset=\u00bbdefault\u00bb width=\u00bb52.5%\u00bb custom_margin=\u00bb|auto||88px||\u00bb global_colors_info=\u00bb{}\u00bb][et_pb_column type=\u00bb4_4&#8243; _builder_version=\u00bb4.21.0&#8243; _module_preset=\u00bbdefault\u00bb global_colors_info=\u00bb{}\u00bb][et_pb_text _builder_version=\u00bb4.27.4&#8243; _module_preset=\u00bbdefault\u00bb global_colors_info=\u00bb{}\u00bb]<\/p>\n<p style=\"text-align: justify;\">Hace unos a\u00f1os en mi ciudad no podia ir a ning\u00fan sitio a adquirir art\u00edculos de magia, por otro lado me pas\u00f3 muchas veces cuando necesitaba alg\u00fan art\u00edculo o repuesto y hacia mi pedido online o por tel\u00e9fono los gastos de env\u00edo superaban el precio del importe del producto comprado, es por ello que ten\u00eda la necesidad de crear esta web como una extension de mi\u00a0 sitio personal <a href=\"http:\/\/www.magoalonso.com\" target=\"_blank\" rel=\"noopener\" title=\"www.magoalonso.com\">www.magoalonso.com<\/a> y como el lugar que me hubiera gustado tener cuando necesitaba adquirir alg\u00fan art\u00edculo de magia sin\u00a0que los gastos de env\u00edo superasen el precio del producto.<\/p>\n<p style=\"text-align: justify;\">As\u00ed naci\u00f3 Magiacompra, el proyecto que Mago Alonso cre\u00f3 como un espacio dedicado al ilusionismo. Se trata de una tienda online, donde encontrar\u00e1s una cuidada selecci\u00f3n de art\u00edculos m\u00e1gicos de todo tipo. Nuestro objetivo es ofrecer repuestos y materiales pensados tanto para profesionales como para aficionados que disfrutan del arte de la magia<\/p>\n<p data-start=\"296\" data-end=\"511\" style=\"text-align: justify;\"><span>Magiacompra se trata de una plataforma gestionada personalmente por Mago Alonso, destinada a facilitar la adquisici\u00f3n ocasional de determinados art\u00edculos relacionados con la magia, principalmente repuestos y materiales especiales dif\u00edciles de encontrar en ciertas localidades. <\/span>Es un espacio pensado para apoyar a magos y aficionados. Este proyecto nace como extensi\u00f3n de la p\u00e1gina personal <a data-start=\"743\" data-end=\"761\" rel=\"noopener\" target=\"_new\" class=\"\" href=\"http:\/\/www.magoalonso.com\">www.magoalonso.com<\/a> y busca compartir recursos, fomentar la afici\u00f3n por el ilusionismo y ayudar a cubrir algunos costes derivados de esta pasi\u00f3n. No contamos con sede f\u00edsica pero puedes contactarnos a trav\u00e9s de las m\u00faltiples v\u00edas de contacto que tenemos y estaremos encantados de atenderte. Si tienes alguna consulta, no dudes en contactarme por los medios disponibles en la web; estar\u00e9 encantado de ayudarte.<\/p>\n<p style=\"text-align: justify;\">\n<p>[\/et_pb_text][\/et_pb_column][\/et_pb_row][\/et_pb_section]<\/p>\n","protected":false},"excerpt":{"rendered":"<p>Hace unos a\u00f1os en mi ciudad no podia ir a ning\u00fan sitio a adquirir art\u00edculos de magia, por otro lado me pas\u00f3 muchas veces cuando necesitaba alg\u00fan art\u00edculo o repuesto y hacia mi pedido online o por tel\u00e9fono los gastos de env\u00edo superaban el precio del importe del producto comprado, es por ello que ten\u00eda [&hellip;]<\/p>\n","protected":false},"author":1,"featured_media":0,"parent":0,"menu_order":0,"comment_status":"closed","ping_status":"closed","template":"","meta":{"_et_pb_use_builder":"on","_et_pb_old_content":"","_et_gb_content_width":"","footnotes":""},"class_list":["post-1770","page","type-page","status-publish","hentry"],"jetpack_sharing_enabled":true,"_links":{"self":[{"href":"https:\/\/magiacompra.com\/index.php\/wp-json\/wp\/v2\/pages\/1770","targetHints":{"allow":["GET"]}}],"collection":[{"href":"https:\/\/magiacompra.com\/index.php\/wp-json\/wp\/v2\/pages"}],"about":[{"href":"https:\/\/magiacompra.com\/index.php\/wp-json\/wp\/v2\/types\/page"}],"author":[{"embeddable":true,"href":"https:\/\/magiacompra.com\/index.php\/wp-json\/wp\/v2\/users\/1"}],"replies":[{"embeddable":true,"href":"https:\/\/magiacompra.com\/index.php\/wp-json\/wp\/v2\/comments?post=1770"}],"version-history":[{"count":0,"href":"https:\/\/magiacompra.com\/index.php\/wp-json\/wp\/v2\/pages\/1770\/revisions"}],"wp:attachment":[{"href":"https:\/\/magiacompra.com\/index.php\/wp-json\/wp\/v2\/media?parent=1770"}],"curies":[{"name":"wp","href":"https:\/\/api.w.org\/{rel}","templated":true}]}}