{"id":1602,"date":"2023-07-30T16:51:01","date_gmt":"2023-07-30T16:51:01","guid":{"rendered":"https:\/\/magiacompra.com\/index.php\/tienda\/"},"modified":"2025-12-07T17:52:35","modified_gmt":"2025-12-07T17:52:35","slug":"tienda","status":"publish","type":"page","link":"https:\/\/magiacompra.com\/","title":{"rendered":"Tienda"},"content":{"rendered":"<p>[et_pb_section fb_built=\u00bb1&#8243; _builder_version=\u00bb4.21.0&#8243; _module_preset=\u00bbdefault\u00bb global_colors_info=\u00bb{}\u00bb][et_pb_row _builder_version=\u00bb4.27.4&#8243; _module_preset=\u00bbdefault\u00bb global_colors_info=\u00bb{}\u00bb][et_pb_column type=\u00bb4_4&#8243; _builder_version=\u00bb4.21.0&#8243; _module_preset=\u00bbdefault\u00bb global_colors_info=\u00bb{}\u00bb][et_pb_slider _builder_version=\u00bb4.27.4&#8243; min_height=\u00bb400px\u00bb min_height_tablet=\u00bb\u00bb min_height_phone=\u00bb\u00bb min_height_last_edited=\u00bbon|phone\u00bb animation_direction=\u00bbright\u00bb auto=\u00bbon\u00bb hover_enabled=\u00bb0&#8243; global_colors_info=\u00bb{}\u00bb sticky_enabled=\u00bb0&#8243;][et_pb_slide button_link=\u00bbhttp:\/\/www.magiacompra.com\u00bb _builder_version=\u00bb4.27.4&#8243; background_color=\u00bbrgba(255,255,255,0)\u00bb background_enable_color=\u00bbon\u00bb background_image=\u00bbhttps:\/\/magiacompra.com\/wp-content\/uploads\/2024\/08\/1690727216014.jpg\u00bb background_enable_image=\u00bbon\u00bb hover_transition_duration=\u00bb1ms\u00bb hover_transition_delay=\u00bb50ms\u00bb hover_enabled=\u00bb0&#8243; global_colors_info=\u00bb{}\u00bb sticky_transition=\u00bbon\u00bb sticky_enabled=\u00bb0&#8243;][\/et_pb_slide][et_pb_slide heading=\u00bbACCESORIOS\u00bb button_link=\u00bbhttps:\/\/magiacompra.com\/index.php\/categoria-producto\/accesorios\/\u00bb _builder_version=\u00bb4.27.4&#8243; background_color=\u00bb#ffffff\u00bb background_enable_color=\u00bbon\u00bb background_image=\u00bbhttps:\/\/magiacompra.com\/wp-content\/uploads\/2023\/07\/1690727216006.jpg\u00bb background_enable_image=\u00bbon\u00bb hover_transition_duration=\u00bb50ms\u00bb hover_transition_delay=\u00bb50ms\u00bb hover_enabled=\u00bb0&#8243; global_colors_info=\u00bb{}\u00bb sticky_transition=\u00bbon\u00bb sticky_enabled=\u00bb0&#8243;]<\/p>\n<h3><strong>Papel flash. loops,gomas el\u00e1sticas,nieve japonesa.tiraboca,imanes &#8230;<\/strong><\/h3>\n<p>[\/et_pb_slide][et_pb_slide heading=\u00bbMAGIA DE CERCA\u00bb button_link=\u00bbhttps:\/\/magiacompra.com\/index.php\/categoria-producto\/magia-de-cerca\/\u00bb _builder_version=\u00bb4.27.4&#8243; _module_preset=\u00bbdefault\u00bb background_image=\u00bbhttps:\/\/magiacompra.com\/wp-content\/uploads\/2023\/07\/1690727215999.jpg\u00bb background_enable_image=\u00bbon\u00bb hover_transition_duration=\u00bb50ms\u00bb hover_transition_delay=\u00bb50ms\u00bb hover_enabled=\u00bb0&#8243; global_colors_info=\u00bb{}\u00bb sticky_transition=\u00bbon\u00bb sticky_enabled=\u00bb0&#8243;]<\/p>\n<h3>Aros ninja, dado aparicion,guillotina dedo,impresora de billetes etc&#8230;<\/h3>\n<p>[\/et_pb_slide][et_pb_slide heading=\u00bbBARAJAS\u00bb button_link=\u00bbhttps:\/\/magiacompra.com\/index.php\/categoria-producto\/barajas\/\u00bb _builder_version=\u00bb4.27.4&#8243; _module_preset=\u00bbdefault\u00bb background_image=\u00bbhttps:\/\/magiacompra.com\/wp-content\/uploads\/2023\/07\/1690727215990-scaled.jpg\u00bb background_enable_image=\u00bbon\u00bb hover_transition_duration=\u00bb50ms\u00bb hover_transition_delay=\u00bb50ms\u00bb hover_enabled=\u00bb0&#8243; global_colors_info=\u00bb{}\u00bb sticky_transition=\u00bbon\u00bb sticky_enabled=\u00bb0&#8243;]<\/p>\n<h3><span><strong>Normales ,especiales, forzaje, svengali, mene tekel, invisible<\/strong> &#8230;<\/span><\/h3>\n<p>[\/et_pb_slide][et_pb_slide heading=\u00bbGIMMIKS\u00bb button_link=\u00bbhttps:\/\/magiacompra.com\/index.php\/categoria-producto\/gimmiks\/\u00bb _builder_version=\u00bb4.27.4&#8243; _module_preset=\u00bbdefault\u00bb background_image=\u00bbhttps:\/\/magiacompra.com\/wp-content\/uploads\/2023\/07\/1690727215982.jpg\u00bb background_enable_image=\u00bbon\u00bb hover_transition_duration=\u00bb50ms\u00bb hover_transition_delay=\u00bb100ms\u00bb global_colors_info=\u00bb{}\u00bb sticky_transition=\u00bbon\u00bb]<\/p>\n<h3><strong>Cartas flap, magn\u00e9ticas, transparentes, espejo, etc&#8230;<\/strong><\/h3>\n<p>[\/et_pb_slide][et_pb_slide heading=\u00bbMENTALISMO\u00bb button_link=\u00bbhttps:\/\/magiacompra.com\/index.php\/categoria-producto\/mentalismo\/\u00bb image=\u00bbhttps:\/\/magiacompra.com\/wp-content\/uploads\/2025\/12\/mind-reader-mentalist-637913545313365752.jpg\u00bb _builder_version=\u00bb4.27.4&#8243; _module_preset=\u00bbdefault\u00bb background_color=\u00bb#000000&#8243; background_enable_color=\u00bbon\u00bb hover_transition_duration=\u00bb50ms\u00bb hover_transition_delay=\u00bb50ms\u00bb hover_enabled=\u00bb0&#8243; global_colors_info=\u00bb{}\u00bb sticky_transition=\u00bbon\u00bb sticky_enabled=\u00bb0&#8243;]<\/p>\n<h3><span style=\"color: #ffffff;\">Loops, Polvos solidificantes, antiderrapante en barra,dados forzaje etc&#8230;<\/span><\/h3>\n<p>[\/et_pb_slide][\/et_pb_slider][et_pb_text _builder_version=\u00bb4.21.0&#8243; header_2_font=\u00bb|700|||||||\u00bb custom_margin=\u00bb||10px||false|false\u00bb global_colors_info=\u00bb{}\u00bb]<\/p>\n<h2>M\u00e1s vendidos<\/h2>\n<p>[\/et_pb_text][et_pb_shop type=\u00bbfeatured\u00bb posts_number=\u00bb20&#8243; columns_number=\u00bb4&#8243; orderby=\u00bbprice-desc\u00bb sale_badge_color=\u00bb#700f53&#8243; icon_hover_color=\u00bbrgba(0,0,0,0)\u00bb hover_overlay_color=\u00bbrgba(0,0,0,0.25)\u00bb _builder_version=\u00bb4.27.4&#8243; sale_badge_font=\u00bb|||on|||||\u00bb sale_badge_font_size=\u00bb16px\u00bb rating_text_color=\u00bb#ef7700&#8243; global_colors_info=\u00bb{}\u00bb][\/et_pb_shop][\/et_pb_column][\/et_pb_row][et_pb_row column_structure=\u00bb1_3,1_3,1_3&#8243; _builder_version=\u00bb4.21.0&#8243; _module_preset=\u00bbdefault\u00bb global_colors_info=\u00bb{}\u00bb][et_pb_column type=\u00bb1_3&#8243; _builder_version=\u00bb4.21.0&#8243; _module_preset=\u00bbdefault\u00bb global_colors_info=\u00bb{}\u00bb][\/et_pb_column][et_pb_column type=\u00bb1_3&#8243; _builder_version=\u00bb4.21.0&#8243; _module_preset=\u00bbdefault\u00bb global_colors_info=\u00bb{}\u00bb][et_pb_text _builder_version=\u00bb4.21.0&#8243; _module_preset=\u00bbdefault\u00bb global_colors_info=\u00bb{}\u00bb]<\/p>\n<h2><strong>Contacto<\/strong><strong><\/strong><\/h2>\n<div class=\"part\">\n<div class=\"icon\"><a href=\"http:\/\/www.magiacompra.com\">Ja\u00e9n, Espa\u00f1a<\/a><\/div>\n<div class=\"icon\"><\/div>\n<div class=\"icon\"><\/div>\n<div class=\"data\"><a href=\"tel:(+34) 657 552 692\" target=\"_blank\" rel=\"noopener\">(+34) 657 552 692<\/a><\/div>\n<\/div>\n<div class=\"part\">\n<div class=\"data email\"><\/div>\n<div class=\"data email\"><a href=\"mailto:info@magiacompra.com\" target=\"_blank\" rel=\"noopener\">info@magiacompra.com<\/a><\/div>\n<\/div>\n<p>[\/et_pb_text][\/et_pb_column][et_pb_column type=\u00bb1_3&#8243; _builder_version=\u00bb4.21.0&#8243; _module_preset=\u00bbdefault\u00bb global_colors_info=\u00bb{}\u00bb][et_pb_text _builder_version=\u00bb4.21.0&#8243; _module_preset=\u00bbdefault\u00bb global_colors_info=\u00bb{}\u00bb]<\/p>\n<h2><strong>S\u00edguenos<\/strong><\/h2>\n<p>[\/et_pb_text][et_pb_social_media_follow _builder_version=\u00bb4.21.0&#8243; _module_preset=\u00bbdefault\u00bb global_colors_info=\u00bb{}\u00bb][et_pb_social_media_follow_network social_network=\u00bbgoogle\u00bb url=\u00bbhttps:\/\/g.co\/kgs\/Sh3JFNW\u00bb _builder_version=\u00bb4.21.0&#8243; _module_preset=\u00bbdefault\u00bb background_color=\u00bb#4285f4&#8243; global_colors_info=\u00bb{}\u00bb follow_button=\u00bboff\u00bb url_new_window=\u00bbon\u00bb]google[\/et_pb_social_media_follow_network][et_pb_social_media_follow_network social_network=\u00bbyoutube\u00bb url=\u00bbhttps:\/\/www.youtube.com\/@magiacompra\u00bb _builder_version=\u00bb4.21.0&#8243; _module_preset=\u00bbdefault\u00bb background_color=\u00bb#a82400&#8243; global_colors_info=\u00bb{}\u00bb follow_button=\u00bboff\u00bb url_new_window=\u00bbon\u00bb]youtube[\/et_pb_social_media_follow_network][\/et_pb_social_media_follow][\/et_pb_column][\/et_pb_row][\/et_pb_section]<\/p>\n","protected":false},"excerpt":{"rendered":"<p>Papel flash. loops,gomas el\u00e1sticas,nieve japonesa.tiraboca,imanes &#8230;Aros ninja, dado aparicion,guillotina dedo,impresora de billetes etc&#8230;Normales ,especiales, forzaje, svengali, mene tekel, invisible &#8230;Cartas flap, magn\u00e9ticas, transparentes, espejo, etc&#8230;Loops, Polvos solidificantes, antiderrapante en barra,dados forzaje etc&#8230;M\u00e1s vendidosContacto Ja\u00e9n, Espa\u00f1a (+34) 657 552 692 info@magiacompra.com S\u00edguenos<\/p>\n","protected":false},"author":1,"featured_media":0,"parent":0,"menu_order":0,"comment_status":"closed","ping_status":"closed","template":"","meta":{"_et_pb_use_builder":"on","_et_pb_old_content":"","_et_gb_content_width":"","footnotes":""},"class_list":["post-1602","page","type-page","status-publish","hentry"],"jetpack_sharing_enabled":true,"_links":{"self":[{"href":"https:\/\/magiacompra.com\/index.php\/wp-json\/wp\/v2\/pages\/1602","targetHints":{"allow":["GET"]}}],"collection":[{"href":"https:\/\/magiacompra.com\/index.php\/wp-json\/wp\/v2\/pages"}],"about":[{"href":"https:\/\/magiacompra.com\/index.php\/wp-json\/wp\/v2\/types\/page"}],"author":[{"embeddable":true,"href":"https:\/\/magiacompra.com\/index.php\/wp-json\/wp\/v2\/users\/1"}],"replies":[{"embeddable":true,"href":"https:\/\/magiacompra.com\/index.php\/wp-json\/wp\/v2\/comments?post=1602"}],"version-history":[{"count":0,"href":"https:\/\/magiacompra.com\/index.php\/wp-json\/wp\/v2\/pages\/1602\/revisions"}],"wp:attachment":[{"href":"https:\/\/magiacompra.com\/index.php\/wp-json\/wp\/v2\/media?parent=1602"}],"curies":[{"name":"wp","href":"https:\/\/api.w.org\/{rel}","templated":true}]}}